{"id":970,"date":"2024-06-17T17:30:29","date_gmt":"2024-06-17T15:30:29","guid":{"rendered":"https:\/\/www.berlin.arbeitundleben.de\/eduklima\/?page_id=970"},"modified":"2024-06-18T13:20:54","modified_gmt":"2024-06-18T11:20:54","slug":"anmeldung-bso-workshop","status":"publish","type":"page","link":"https:\/\/www.berlin.arbeitundleben.de\/eduklima\/anmeldung-bso-workshop\/","title":{"rendered":"Anmeldung BSO-Workshop"},"content":{"rendered":" <div class=\"block block--text  margin-bottom--big\" id=\"block_e6938edcc2141ca83f6ccc1fb31bd1e6\" data-id=\"\">\n\n\n\t<div class=\"container normal\">\n\n\t\t\n\t\t<div class=\"flex flexgrid--gutter flex--wrap\">\n    \t\t<div class=\"flex__item one-quarter sm-one-half xs-one-whole xs-margin-bottom\">\n\t\t\t\t\n\t\t\t\t\t\t\n\n    \t\t\t\t\t\t\t\t<figure style=\"display:block;\" class=\"relative\">\n\t\t\t\t\t\t\n\t\t\t\t\t\t\n\t\t\t\t\t\t\t<img decoding=\"async\" src=\"https:\/\/www.berlin.arbeitundleben.de\/eduklima\/wp-content\/uploads\/2023\/12\/header_allgemein_blau.jpg\"\n\t\t\t\t\t\t\t\tsrcset=\"https:\/\/www.berlin.arbeitundleben.de\/eduklima\/wp-content\/uploads\/2023\/12\/header_allgemein_blau-430x78.jpg 2x,\n\t\t\t\t\t\t\t\t\t   https:\/\/www.berlin.arbeitundleben.de\/eduklima\/wp-content\/uploads\/2023\/12\/header_allgemein_blau.jpg 1x\"\n\t\t\t\t\t\t\t\talt=\"\" \n\t\t\t\t\t\t\t\t\t\t\t\t\t\t\t\t\twidth=\"1903\"\n\t\t\t\t\t\t\t\t\theight=\"1903\"\n\t\t\t\t\t\t\t\t\tloading=\"lazy\"\n\t\t\t\t\t\t\t\t\t\t\t\t\t\t\t\tclass=\"one-whole\" \/>\n\n\t\t\t\t\t\t\n\t\t\t\t\t\t\n\t\t\t\t\t\t\t\t\t\t\t\t\n\t\t\t\t\t\t\t\t\t\t\t\t\n\t\t\t\t\t<\/figure>\n\t    \t\t\n\t    \t\t\n    \t\t<\/div>\n    \t\t<div class=\"flex__item three-quarters sm-one-half xs-one-whole\">\n    \t\t\t<p>Info- und Planungssession f\u00fcr BSO-Teams und Lehrkr\u00e4fte der Berliner ISS-Schulen!<\/p>\n<p><span style=\"font-style: inherit; font-weight: inherit;\">Wir laden Sie herzlich zu unserem BSO-Impuls \u201eeduKlima- innovative Berufsorientierung mit Klimafokus ein. 90 Minuten f\u00fcr zukunftsweisende Berufsorientierung &#8211; Erfahren Sie mehr \u00fcber unser innovatives Konzept zur Berufsorientierung mit Fokus auf Klima- und Energieberufe.<\/span><\/p>\n<p>&#8211; Wir f\u00fcr Sie &#8211; Berufsorientierung f\u00fcr bis zu 52 Sch\u00fcler*innen \u2013 8 Dozierende &#8211; 3 Tage innovative \u00dcbungen und Betriebspraxis &#8211;<\/p>\n<p><span style=\"font-style: inherit; font-weight: inherit;\">Wir freuen uns auf Sie! Ihr eduKlima-Team bei Arbeit und Leben Berlin-Brandenburg<\/span><\/p>\n<p><span style=\"font-style: inherit; font-weight: inherit;\">Ideen und Fragen? <\/span><span style=\"font-style: inherit; font-weight: inherit;\">\u00a0Diana Woltersdorf,\u00a0<a href=\"mailto:woltersdorf@berlin.arbeitundleben.de\" data-linkindex=\"0\">woltersdorf@berlin.arbeitundleben.de<\/a>, 030 5130192-60<\/span><\/p>\n    \t\t<\/div>\n    \t<\/div>\n\n\t<\/div>\n\n<\/div>\n\n<div class=\"container\"><div class=\"wpforms-container wpforms-render-modern\" id=\"wpforms-963\"><form id=\"wpforms-form-963\" class=\"wpforms-validate wpforms-form wpforms-ajax-form\" data-formid=\"963\" method=\"post\" enctype=\"multipart\/form-data\" action=\"\/eduklima\/wp-json\/wp\/v2\/pages\/970\" data-token=\"5dbe60d9601347b8d64226bf46a69d57\" data-token-time=\"1775304659\"><noscript class=\"wpforms-error-noscript\">Bitte aktiviere JavaScript in deinem Browser, um dieses Formular fertigzustellen.<\/noscript><div id=\"wpforms-error-noscript\" style=\"display: none;\">Bitte aktiviere JavaScript in deinem Browser, um dieses Formular fertigzustellen.<\/div><div class=\"wpforms-field-container\"><div id=\"wpforms-963-field_1-container\" class=\"wpforms-field wpforms-field-text\" data-field-id=\"1\"><label class=\"wpforms-field-label wpforms-label-hide\" for=\"wpforms-963-field_1\" aria-hidden=\"false\">Name der Schule <span class=\"wpforms-required-label\" aria-hidden=\"true\">*<\/span><\/label><input type=\"text\" id=\"wpforms-963-field_1\" class=\"wpforms-field-medium wpforms-field-required\" name=\"wpforms[fields][1]\" placeholder=\"Name der Schule\" aria-errormessage=\"wpforms-963-field_1-error\" required><\/div><div id=\"wpforms-963-field_2-container\" class=\"wpforms-field wpforms-field-text wpforms-one-third wpforms-first\" data-field-id=\"2\"><label class=\"wpforms-field-label wpforms-label-hide\" for=\"wpforms-963-field_2\" aria-hidden=\"false\">Vorname <span class=\"wpforms-required-label\" aria-hidden=\"true\">*<\/span><\/label><input type=\"text\" id=\"wpforms-963-field_2\" class=\"wpforms-field-medium wpforms-field-required\" name=\"wpforms[fields][2]\" placeholder=\"Vorname\" aria-errormessage=\"wpforms-963-field_2-error\" required><\/div><div id=\"wpforms-963-field_3-container\" class=\"wpforms-field wpforms-field-text wpforms-one-third\" data-field-id=\"3\"><label class=\"wpforms-field-label wpforms-label-hide\" for=\"wpforms-963-field_3\" aria-hidden=\"false\">Nachname <span class=\"wpforms-required-label\" aria-hidden=\"true\">*<\/span><\/label><input type=\"text\" id=\"wpforms-963-field_3\" class=\"wpforms-field-medium wpforms-field-required\" name=\"wpforms[fields][3]\" placeholder=\"Nachname\" aria-errormessage=\"wpforms-963-field_3-error\" required><\/div><div id=\"wpforms-963-field_4-container\" class=\"wpforms-field wpforms-field-text wpforms-one-third\" data-field-id=\"4\"><label class=\"wpforms-field-label wpforms-label-hide\" for=\"wpforms-963-field_4\" aria-hidden=\"false\">Lehrer*in, Sozialarbeiter*in, BSO Lehrer*in <span class=\"wpforms-required-label\" aria-hidden=\"true\">*<\/span><\/label><input type=\"text\" id=\"wpforms-963-field_4\" class=\"wpforms-field-medium wpforms-field-required\" name=\"wpforms[fields][4]\" placeholder=\"Lehrer*in, Sozialarbeiter*in, BSO Lehrer*in\" aria-errormessage=\"wpforms-963-field_4-error\" required><\/div><div id=\"wpforms-963-field_5-container\" class=\"wpforms-field wpforms-field-text wpforms-one-third wpforms-first\" data-field-id=\"5\"><label class=\"wpforms-field-label wpforms-label-hide\" for=\"wpforms-963-field_5\" aria-hidden=\"false\">Telefonnummer<\/label><input type=\"text\" id=\"wpforms-963-field_5\" class=\"wpforms-field-medium\" name=\"wpforms[fields][5]\" placeholder=\"Telefonnummer\" aria-errormessage=\"wpforms-963-field_5-error\" ><\/div><div id=\"wpforms-963-field_7-container\" class=\"wpforms-field wpforms-field-email wpforms-one-third\" data-field-id=\"7\"><label class=\"wpforms-field-label wpforms-label-hide\" for=\"wpforms-963-field_7\" aria-hidden=\"false\">E-Mail-Adresse <span class=\"wpforms-required-label\" aria-hidden=\"true\">*<\/span><\/label><input type=\"email\" id=\"wpforms-963-field_7\" class=\"wpforms-field-medium wpforms-field-required\" name=\"wpforms[fields][7]\" placeholder=\"E-Mail-Adresse\" spellcheck=\"false\" aria-errormessage=\"wpforms-963-field_7-error\" required><\/div><div id=\"wpforms-963-field_9-container\" class=\"wpforms-field wpforms-field-radio\" data-field-id=\"9\"><fieldset><legend class=\"wpforms-field-label\">Pr\u00e4senz oder via Zoom <span class=\"wpforms-required-label\" aria-hidden=\"true\">*<\/span><\/legend><ul id=\"wpforms-963-field_9\" class=\"wpforms-field-required\"><li class=\"choice-1 depth-1\"><input type=\"radio\" id=\"wpforms-963-field_9_1\" name=\"wpforms[fields][9]\" value=\"Pr\u00e4senz\" aria-errormessage=\"wpforms-963-field_9_1-error\" aria-describedby=\"wpforms-963-field_9-description\" required ><label class=\"wpforms-field-label-inline\" for=\"wpforms-963-field_9_1\">Pr\u00e4senz<\/label><\/li><li class=\"choice-2 depth-1\"><input type=\"radio\" id=\"wpforms-963-field_9_2\" name=\"wpforms[fields][9]\" value=\"Online\" aria-errormessage=\"wpforms-963-field_9_2-error\" aria-describedby=\"wpforms-963-field_9-description\" required ><label class=\"wpforms-field-label-inline\" for=\"wpforms-963-field_9_2\">Online<\/label><\/li><\/ul><div id=\"wpforms-963-field_9-description\" class=\"wpforms-field-description\">Ort: Arbeit und Leben Berlin-Brandenburg DGB\/VHS e. V.,\r\nLorenzweg 5, (Aufgang A, 1. Etage), 12099 Berlin (direkt am Tempelhofer Hafen) online via Zoom. Sie erhalten vor der Veranstaltung einen Zoom-Link an ihre angegebene E-Mail-Adresse. <\/div><\/fieldset><\/div><\/div><!-- .wpforms-field-container --><div class=\"wpforms-submit-container\" ><input type=\"hidden\" name=\"wpforms[id]\" value=\"963\"><input type=\"hidden\" name=\"page_title\" value=\"\"><input type=\"hidden\" name=\"page_url\" value=\"https:\/\/www.berlin.arbeitundleben.de\/eduklima\/wp-json\/wp\/v2\/pages\/970\"><input type=\"hidden\" name=\"url_referer\" value=\"\"><button type=\"submit\" name=\"wpforms[submit]\" id=\"wpforms-submit-963\" class=\"wpforms-submit\" data-alt-text=\"Wird gesendet\u00a0\u2026\" data-submit-text=\"Anmelden\" aria-live=\"assertive\" value=\"wpforms-submit\">Anmelden<\/button><img loading=\"lazy\" decoding=\"async\" src=\"https:\/\/www.berlin.arbeitundleben.de\/eduklima\/wp-content\/plugins\/wpforms-lite\/assets\/images\/submit-spin.svg\" class=\"wpforms-submit-spinner\" style=\"display: none;\" width=\"26\" height=\"26\" alt=\"Wird geladen\"><\/div><\/form><\/div>  <!-- .wpforms-container -->\n<\/div>","protected":false},"excerpt":{"rendered":"","protected":false},"author":4,"featured_media":0,"parent":0,"menu_order":0,"comment_status":"closed","ping_status":"closed","template":"","meta":{"_acf_changed":false,"footnotes":""},"class_list":["post-970","page","type-page","status-publish","hentry"],"acf":[],"yoast_head":"<!-- This site is optimized with the Yoast SEO plugin v26.1.1 - https:\/\/yoast.com\/wordpress\/plugins\/seo\/ -->\n<title>Anmeldung BSO-Workshop - Eduklima<\/title>\n<meta name=\"robots\" content=\"index, follow, max-snippet:-1, max-image-preview:large, max-video-preview:-1\" \/>\n<link rel=\"canonical\" href=\"https:\/\/www.berlin.arbeitundleben.de\/eduklima\/anmeldung-bso-workshop\/\" \/>\n<meta property=\"og:locale\" content=\"de_DE\" \/>\n<meta property=\"og:type\" content=\"article\" \/>\n<meta property=\"og:title\" content=\"Anmeldung BSO-Workshop - Eduklima\" \/>\n<meta property=\"og:url\" content=\"https:\/\/www.berlin.arbeitundleben.de\/eduklima\/anmeldung-bso-workshop\/\" \/>\n<meta property=\"og:site_name\" content=\"Eduklima\" \/>\n<meta property=\"article:modified_time\" content=\"2024-06-18T11:20:54+00:00\" \/>\n<meta name=\"twitter:card\" content=\"summary_large_image\" \/>\n<meta name=\"twitter:label1\" content=\"Gesch\u00e4tzte Lesezeit\" \/>\n\t<meta name=\"twitter:data1\" content=\"1\u00a0Minute\" \/>\n<script type=\"application\/ld+json\" class=\"yoast-schema-graph\">{\"@context\":\"https:\/\/schema.org\",\"@graph\":[{\"@type\":\"WebPage\",\"@id\":\"https:\/\/www.berlin.arbeitundleben.de\/eduklima\/anmeldung-bso-workshop\/\",\"url\":\"https:\/\/www.berlin.arbeitundleben.de\/eduklima\/anmeldung-bso-workshop\/\",\"name\":\"Anmeldung BSO-Workshop - Eduklima\",\"isPartOf\":{\"@id\":\"https:\/\/www.berlin.arbeitundleben.de\/eduklima\/#website\"},\"datePublished\":\"2024-06-17T15:30:29+00:00\",\"dateModified\":\"2024-06-18T11:20:54+00:00\",\"breadcrumb\":{\"@id\":\"https:\/\/www.berlin.arbeitundleben.de\/eduklima\/anmeldung-bso-workshop\/#breadcrumb\"},\"inLanguage\":\"de\",\"potentialAction\":[{\"@type\":\"ReadAction\",\"target\":[\"https:\/\/www.berlin.arbeitundleben.de\/eduklima\/anmeldung-bso-workshop\/\"]}]},{\"@type\":\"BreadcrumbList\",\"@id\":\"https:\/\/www.berlin.arbeitundleben.de\/eduklima\/anmeldung-bso-workshop\/#breadcrumb\",\"itemListElement\":[{\"@type\":\"ListItem\",\"position\":1,\"name\":\"Startseite\",\"item\":\"https:\/\/www.berlin.arbeitundleben.de\/eduklima\/\"},{\"@type\":\"ListItem\",\"position\":2,\"name\":\"Anmeldung BSO-Workshop\"}]},{\"@type\":\"WebSite\",\"@id\":\"https:\/\/www.berlin.arbeitundleben.de\/eduklima\/#website\",\"url\":\"https:\/\/www.berlin.arbeitundleben.de\/eduklima\/\",\"name\":\"Eduklima\",\"description\":\"\",\"publisher\":{\"@id\":\"https:\/\/www.berlin.arbeitundleben.de\/eduklima\/#organization\"},\"potentialAction\":[{\"@type\":\"SearchAction\",\"target\":{\"@type\":\"EntryPoint\",\"urlTemplate\":\"https:\/\/www.berlin.arbeitundleben.de\/eduklima\/?s={search_term_string}\"},\"query-input\":{\"@type\":\"PropertyValueSpecification\",\"valueRequired\":true,\"valueName\":\"search_term_string\"}}],\"inLanguage\":\"de\"},{\"@type\":\"Organization\",\"@id\":\"https:\/\/www.berlin.arbeitundleben.de\/eduklima\/#organization\",\"name\":\"Eduklima\",\"url\":\"https:\/\/www.berlin.arbeitundleben.de\/eduklima\/\",\"logo\":{\"@type\":\"ImageObject\",\"inLanguage\":\"de\",\"@id\":\"https:\/\/www.berlin.arbeitundleben.de\/eduklima\/#\/schema\/logo\/image\/\",\"url\":\"https:\/\/www.berlin.arbeitundleben.de\/eduklima\/wp-content\/uploads\/2023\/11\/aul-logo.png\",\"contentUrl\":\"https:\/\/www.berlin.arbeitundleben.de\/eduklima\/wp-content\/uploads\/2023\/11\/aul-logo.png\",\"width\":378,\"height\":183,\"caption\":\"Eduklima\"},\"image\":{\"@id\":\"https:\/\/www.berlin.arbeitundleben.de\/eduklima\/#\/schema\/logo\/image\/\"}}]}<\/script>\n<!-- \/ Yoast SEO plugin. -->","yoast_head_json":{"title":"Anmeldung BSO-Workshop - Eduklima","robots":{"index":"index","follow":"follow","max-snippet":"max-snippet:-1","max-image-preview":"max-image-preview:large","max-video-preview":"max-video-preview:-1"},"canonical":"https:\/\/www.berlin.arbeitundleben.de\/eduklima\/anmeldung-bso-workshop\/","og_locale":"de_DE","og_type":"article","og_title":"Anmeldung BSO-Workshop - Eduklima","og_url":"https:\/\/www.berlin.arbeitundleben.de\/eduklima\/anmeldung-bso-workshop\/","og_site_name":"Eduklima","article_modified_time":"2024-06-18T11:20:54+00:00","twitter_card":"summary_large_image","twitter_misc":{"Gesch\u00e4tzte Lesezeit":"1\u00a0Minute"},"schema":{"@context":"https:\/\/schema.org","@graph":[{"@type":"WebPage","@id":"https:\/\/www.berlin.arbeitundleben.de\/eduklima\/anmeldung-bso-workshop\/","url":"https:\/\/www.berlin.arbeitundleben.de\/eduklima\/anmeldung-bso-workshop\/","name":"Anmeldung BSO-Workshop - Eduklima","isPartOf":{"@id":"https:\/\/www.berlin.arbeitundleben.de\/eduklima\/#website"},"datePublished":"2024-06-17T15:30:29+00:00","dateModified":"2024-06-18T11:20:54+00:00","breadcrumb":{"@id":"https:\/\/www.berlin.arbeitundleben.de\/eduklima\/anmeldung-bso-workshop\/#breadcrumb"},"inLanguage":"de","potentialAction":[{"@type":"ReadAction","target":["https:\/\/www.berlin.arbeitundleben.de\/eduklima\/anmeldung-bso-workshop\/"]}]},{"@type":"BreadcrumbList","@id":"https:\/\/www.berlin.arbeitundleben.de\/eduklima\/anmeldung-bso-workshop\/#breadcrumb","itemListElement":[{"@type":"ListItem","position":1,"name":"Startseite","item":"https:\/\/www.berlin.arbeitundleben.de\/eduklima\/"},{"@type":"ListItem","position":2,"name":"Anmeldung BSO-Workshop"}]},{"@type":"WebSite","@id":"https:\/\/www.berlin.arbeitundleben.de\/eduklima\/#website","url":"https:\/\/www.berlin.arbeitundleben.de\/eduklima\/","name":"Eduklima","description":"","publisher":{"@id":"https:\/\/www.berlin.arbeitundleben.de\/eduklima\/#organization"},"potentialAction":[{"@type":"SearchAction","target":{"@type":"EntryPoint","urlTemplate":"https:\/\/www.berlin.arbeitundleben.de\/eduklima\/?s={search_term_string}"},"query-input":{"@type":"PropertyValueSpecification","valueRequired":true,"valueName":"search_term_string"}}],"inLanguage":"de"},{"@type":"Organization","@id":"https:\/\/www.berlin.arbeitundleben.de\/eduklima\/#organization","name":"Eduklima","url":"https:\/\/www.berlin.arbeitundleben.de\/eduklima\/","logo":{"@type":"ImageObject","inLanguage":"de","@id":"https:\/\/www.berlin.arbeitundleben.de\/eduklima\/#\/schema\/logo\/image\/","url":"https:\/\/www.berlin.arbeitundleben.de\/eduklima\/wp-content\/uploads\/2023\/11\/aul-logo.png","contentUrl":"https:\/\/www.berlin.arbeitundleben.de\/eduklima\/wp-content\/uploads\/2023\/11\/aul-logo.png","width":378,"height":183,"caption":"Eduklima"},"image":{"@id":"https:\/\/www.berlin.arbeitundleben.de\/eduklima\/#\/schema\/logo\/image\/"}}]}},"_links":{"self":[{"href":"https:\/\/www.berlin.arbeitundleben.de\/eduklima\/wp-json\/wp\/v2\/pages\/970","targetHints":{"allow":["GET"]}}],"collection":[{"href":"https:\/\/www.berlin.arbeitundleben.de\/eduklima\/wp-json\/wp\/v2\/pages"}],"about":[{"href":"https:\/\/www.berlin.arbeitundleben.de\/eduklima\/wp-json\/wp\/v2\/types\/page"}],"author":[{"embeddable":true,"href":"https:\/\/www.berlin.arbeitundleben.de\/eduklima\/wp-json\/wp\/v2\/users\/4"}],"replies":[{"embeddable":true,"href":"https:\/\/www.berlin.arbeitundleben.de\/eduklima\/wp-json\/wp\/v2\/comments?post=970"}],"version-history":[{"count":2,"href":"https:\/\/www.berlin.arbeitundleben.de\/eduklima\/wp-json\/wp\/v2\/pages\/970\/revisions"}],"predecessor-version":[{"id":976,"href":"https:\/\/www.berlin.arbeitundleben.de\/eduklima\/wp-json\/wp\/v2\/pages\/970\/revisions\/976"}],"wp:attachment":[{"href":"https:\/\/www.berlin.arbeitundleben.de\/eduklima\/wp-json\/wp\/v2\/media?parent=970"}],"curies":[{"name":"wp","href":"https:\/\/api.w.org\/{rel}","templated":true}]}}