{"id":95,"date":"2023-12-07T09:44:35","date_gmt":"2023-12-07T08:44:35","guid":{"rendered":"https:\/\/www.berlin.arbeitundleben.de\/eduklima\/?page_id=95"},"modified":"2025-10-13T17:33:08","modified_gmt":"2025-10-13T15:33:08","slug":"kontakt","status":"publish","type":"page","link":"https:\/\/www.berlin.arbeitundleben.de\/eduklima\/kontakt\/","title":{"rendered":"Kontakt"},"content":{"rendered":" <div class=\"block block--header \" id=\"block_b72ad29547d6829d687b88f1c947dea2\" data-id=\"\">\n\n\t<header class=\"header--small relative flex flex--middle\">\n\n     \n\t\t\t<img decoding=\"async\" src=\"https:\/\/www.berlin.arbeitundleben.de\/eduklima\/wp-content\/uploads\/2023\/12\/header_allgemein_blau-1600x289.jpg\"\n\t\t\t\tsrcset=\"https:\/\/www.berlin.arbeitundleben.de\/eduklima\/wp-content\/uploads\/2023\/12\/header_allgemein_blau.jpg 2400w,\n\t\t\t\t\t\thttps:\/\/www.berlin.arbeitundleben.de\/eduklima\/wp-content\/uploads\/2023\/12\/header_allgemein_blau.jpg 1920w,\n\t\t\t\t\t\thttps:\/\/www.berlin.arbeitundleben.de\/eduklima\/wp-content\/uploads\/2023\/12\/header_allgemein_blau-1600x289.jpg 1600w,\n\t\t\t\t\t\thttps:\/\/www.berlin.arbeitundleben.de\/eduklima\/wp-content\/uploads\/2023\/12\/header_allgemein_blau-1400x253.jpg 1400w,\n\t\t\t\t\t\thttps:\/\/www.berlin.arbeitundleben.de\/eduklima\/wp-content\/uploads\/2023\/12\/header_allgemein_blau-1200x217.jpg 1200w,\n\t\t\t\t\t\thttps:\/\/www.berlin.arbeitundleben.de\/eduklima\/wp-content\/uploads\/2023\/12\/header_allgemein_blau-1024x185.jpg 1024w,\n\t\t\t\t\t\thttps:\/\/www.berlin.arbeitundleben.de\/eduklima\/wp-content\/uploads\/2023\/12\/header_allgemein_blau-800x145.jpg 800w\" \n\t\t\t\tsizes=\"auto, 100vw\" loading=\"lazy\"\n\t\t\t\twidth=\"1903\" height=\"344\"\n\t\t\t\talt=\"\">\n\n\t\t\n        <div class=\"one-whole\">\n            <div class=\"container relative\">\n                <h1>Team &#038; Kontakt<\/h1>\n                            <\/div>\n        <\/div>\n\n    <\/header>\n\n<\/div>\n\n<div class=\"container spacing\"> \n\n    <ul class=\"margin-bottom\" id=\"breadcrumbs\"><li><a href=\"https:\/\/www.berlin.arbeitundleben.de\/eduklima\/\">Startseite<\/a><\/li><\/ul>\n<\/div>\n\n <div class=\"block block--team  margin-bottom--big\" id=\"block_dcd5b5a1a42ee91a4c4fb068b4c2d15e\" data-id=\"\">\n\n\n\t<div class=\"container\">\n\n\t\t<div class=\"flex flexgrid--narrow flex--wrap flex--center\">\n\n                            \n                    <div class=\"flex__item one-quarter content-one-third tablet-one-half md-one-whole\">\n                        <div class=\"person\">\n                            <img decoding=\"async\" src=\"https:\/\/www.berlin.arbeitundleben.de\/eduklima\/wp-content\/uploads\/2024\/04\/Personalfoto_AuLBB_Diana_extern-320x480-1.jpg\"\n                                srcset=\"https:\/\/www.berlin.arbeitundleben.de\/eduklima\/wp-content\/uploads\/2024\/04\/Personalfoto_AuLBB_Diana_extern-320x480-1.jpg 2x,\n                                        https:\/\/www.berlin.arbeitundleben.de\/eduklima\/wp-content\/uploads\/2024\/04\/Personalfoto_AuLBB_Diana_extern-320x480-1.jpg 1x\"\n                                alt=\"Diana\">\n                            <div class=\"name\">\n                                                                    <span>Diana                                    Woltersdorf<\/span>\n                                                            <\/div>\n                            <div class=\"overlay flex flex--middle\">\n                                <div class=\"one-whole\">\n                                    <h4 class=\"epsilon\">\n                                        Diana<br\/>\n                                        Woltersdorf                                    <\/h4>\n                                    <p>Projektleitung<\/p>\n                                    <p>\n                                                                                    <a href=\"tel:030513019260\">\n                                                030 \/ 5130 192-60                                            <\/a><br\/>\n                                                                                                                            <a href=\"mailto:woltersdorf@berlin.arbeitundleben.de\">\n                                                woltersdorf@<wbr>berlin.<wbr>arbeitundleben.de                                            <\/a>\n                                                                            <\/p>\n                                <\/div>\n                            <\/div>\n                        <\/div>\n                    <\/div>\n\n                \n                    <div class=\"flex__item one-quarter content-one-third tablet-one-half md-one-whole\">\n                        <div class=\"person\">\n                            <img decoding=\"async\" src=\"https:\/\/www.berlin.arbeitundleben.de\/eduklima\/wp-content\/uploads\/2024\/01\/Personalfotos_AuLBB_\u00a9LorelaiFotografie-Tuelay-320x480-1.jpg\"\n                                srcset=\"https:\/\/www.berlin.arbeitundleben.de\/eduklima\/wp-content\/uploads\/2024\/01\/Personalfotos_AuLBB_\u00a9LorelaiFotografie-Tuelay-320x480-1.jpg 2x,\n                                        https:\/\/www.berlin.arbeitundleben.de\/eduklima\/wp-content\/uploads\/2024\/01\/Personalfotos_AuLBB_\u00a9LorelaiFotografie-Tuelay-320x480-1.jpg 1x\"\n                                alt=\"T\u00fclay \">\n                            <div class=\"name\">\n                                                                    <span>T\u00fclay                                     Usta<\/span>\n                                                            <\/div>\n                            <div class=\"overlay flex flex--middle\">\n                                <div class=\"one-whole\">\n                                    <h4 class=\"epsilon\">\n                                        T\u00fclay <br\/>\n                                        Usta                                    <\/h4>\n                                    <p>Projektreferentin<\/p>\n                                    <p>\n                                                                                    <a href=\"tel:030513019237\">\n                                                030 \/ 5130 192-37                                            <\/a><br\/>\n                                                                                                                            <a href=\"mailto:usta@berlin.arbeitundleben.de\">\n                                                usta@<wbr>berlin.<wbr>arbeitundleben.de                                            <\/a>\n                                                                            <\/p>\n                                <\/div>\n                            <\/div>\n                        <\/div>\n                    <\/div>\n\n                \n                    <div class=\"flex__item one-quarter content-one-third tablet-one-half md-one-whole\">\n                        <div class=\"person\">\n                            <img decoding=\"async\" src=\"https:\/\/www.berlin.arbeitundleben.de\/eduklima\/wp-content\/uploads\/2024\/01\/Personalfotos_AuLBB_3_\u00a9LorelaiFotografie-Christoph-320x480-1.jpg\"\n                                srcset=\"https:\/\/www.berlin.arbeitundleben.de\/eduklima\/wp-content\/uploads\/2024\/01\/Personalfotos_AuLBB_3_\u00a9LorelaiFotografie-Christoph-320x480-1.jpg 2x,\n                                        https:\/\/www.berlin.arbeitundleben.de\/eduklima\/wp-content\/uploads\/2024\/01\/Personalfotos_AuLBB_3_\u00a9LorelaiFotografie-Christoph-320x480-1.jpg 1x\"\n                                alt=\"Christoph\">\n                            <div class=\"name\">\n                                                                    <span>Christoph                                    Weise<\/span>\n                                                            <\/div>\n                            <div class=\"overlay flex flex--middle\">\n                                <div class=\"one-whole\">\n                                    <h4 class=\"epsilon\">\n                                        Christoph<br\/>\n                                        Weise                                    <\/h4>\n                                    <p>Projektreferent<\/p>\n                                    <p>\n                                                                                    <a href=\"tel:030513019235\">\n                                                030 \/ 5130 192-35                                            <\/a><br\/>\n                                                                                                                            <a href=\"mailto:weise@berlin.arbeitundleben.de\">\n                                                weise@<wbr>berlin.<wbr>arbeitundleben.de                                            <\/a>\n                                                                            <\/p>\n                                <\/div>\n                            <\/div>\n                        <\/div>\n                    <\/div>\n\n                            \n        <\/div>\n\n    <\/div>\n\n<\/div>\n\n <div class=\"block block--contact  none\" id=\"block_cd4420ec9062eb4f419caad55d9a8e42\" data-id=\"\">\n\n\n\n \t<div class=\"container\">\n\n \t\t<div class=\"relative spacing\">\n            <div class=\"flex\">\n                <div class=\"one-quarter hidden--md\"><\/div>\n                <div class=\"three-quarters md-one-whole\">\n\n                    <div class=\"i-list\">\n                        <i class=\"icon-marker\"><\/i>\n                        <div class=\"i-list__text\">\n                            <p>\n                                <strong>Arbeit und Leben<br \/>\r\nBerlin-Brandenburg gGmbH<\/strong><br\/>\n                                Lorenzweg 5<br \/>\r\n12099 Berlin                            <\/p>\n                        <\/div>\n                    <\/div>\n\n                    <div class=\"i-list\">\n                        <i class=\"icon-phone\"><\/i>\n                        <div class=\"i-list__text\">\n                            <p>Anfragen zu Seminaren der politischen Bildung :<br \/>\n<a href=\"tel:030513019212\">030 \/ 5130 192-12<\/a><\/p>\n<p>Anfragen zur arbeits- und sozialrechtlichen Beratung f\u00fcr Migrant*innen und mobile Arbeitnehmer*innen:<br \/>\n<a href=\"tel:030513019269\">030 \/ 5130 192-69<\/a><\/p>\n                        <\/div>\n                    <\/div>\n\n                    <div class=\"i-list\">\n                        <i class=\"icon-printer\"><\/i>\n                        <div class=\"i-list__text\">\n                            <p><strong>030 \/ 5130 192-99<\/strong><\/p>\n                        <\/div>\n                    <\/div>\n\n                    <div class=\"i-list\">\n                        <i class=\"icon-envelope\"><\/i>\n                        <div class=\"i-list__text\">\n                            <p><a href=\"mailto:office@berlin.arbeitundleben.de\">\n                                office@berlin.arbeitundleben.de                            <\/a><\/p>\n                        <\/div>\n                    <\/div>\n\n                <\/div>\n            <\/div>\n        <\/div>\n\n \t<\/div>\n\n\n \t<div class=\"bg--blue contact-social\">\n        <div class=\"container\">\n            <div class=\"social\">\n                                    <a href=\"https:\/\/www.facebook.com\/ArbeitundLebenBerlin\" target=\"_blank\" class=\"fb\">\n                        <i class=\"icon-facebook\"><\/i>\n                         <span class=\"sr-only\">facebook<\/span>\n                    <\/a>\n                                                            <\/div>\n        <\/div>\n    <\/div>\n\n\n    <div class=\"bg--red spacing map\">\n        <div class=\"container\">\n            <div class=\"flex flexgrid--gutter flex--wrap flex--middle margin-bottom--big\">\n                <div class=\"flex__item one-half md-one-whole margin-bottom--small md-margin-bottom\">\n                    <p><span class=\"hyphens\"><strong>Anfahrt zu unserer Gesch\u00e4ftsstelle mit \u00f6ffentlichen Verkehrsmitteln:<\/strong><\/span><\/p>\n<p><span class=\"hyphens\"><strong>U6<\/strong>: Bahnh\u00f6fe Ullsteinstra\u00dfe oder Kaiserin-Augusta-Stra\u00dfe<\/span><\/p>\n<p><strong>Bus 170:\u00a0<\/strong>Haltestelle Tempelhofer Damm\/U Ullsteinstr. oder Wenkebachstr.<\/p>\n<p>Sie erreichen uns <strong>barrierefrei<\/strong> \u00fcber die Coldlitzstr. 28 (Bus 170 Station Coldlitzstra\u00dfe) oder \u00fcber den Hafen Tempelhof (<strong>Treppe<\/strong> neben &#8222;Lady Company&#8220;)<\/p>\n                <\/div>\n                <div class=\"flex__item one-half md-one-whole\">\n                    <a href=\"https:\/\/goo.gl\/maps\/cETowBS56n2iY1jc6\" target=\"_blank\">\n                        <img decoding=\"async\" \n                            src=\"https:\/\/www.berlin.arbeitundleben.de\/eduklima\/wp-content\/uploads\/2024\/07\/Google-Maps-Uebersicht-800x560eduklima.jpg\"\n                            srcset=\"https:\/\/www.berlin.arbeitundleben.de\/eduklima\/wp-content\/uploads\/2024\/07\/Google-Maps-Uebersicht-800x560eduklima.jpg 1400w,\n                                    https:\/\/www.berlin.arbeitundleben.de\/eduklima\/wp-content\/uploads\/2024\/07\/Google-Maps-Uebersicht-800x560eduklima.jpg 1200w,\n                                    https:\/\/www.berlin.arbeitundleben.de\/eduklima\/wp-content\/uploads\/2024\/07\/Google-Maps-Uebersicht-800x560eduklima.jpg 1024w,\n                                    https:\/\/www.berlin.arbeitundleben.de\/eduklima\/wp-content\/uploads\/2024\/07\/Google-Maps-Uebersicht-800x560eduklima.jpg 800w,\"\n                            alt=\"anfahrt\" sizes=\"auto, (min-width:801px) 28rem, 96vw\" loading=\"lazy\"\n                            width=\"800\" \n                            height=\"560\">\n                    <\/a>\n                <\/div>\n            <\/div>\n\n            <div class=\"relative share-con\">\n        <div class=\"post__share\">\n        <a href=\"#\" class=\"share-icon\">\n            <svg height=\"24\" viewBox=\"0 0 24 24\" width=\"24\" xmlns=\"http:\/\/www.w3.org\/2000\/svg\"><path d=\"m16.214 18.098c.025-.033.048-.067.07-.104.02-.035.038-.071.054-.107.073-.108.156-.209.248-.301.363-.363.861-.586 1.414-.586s1.051.223 1.414.586.586.861.586 1.414-.223 1.051-.586 1.414-.861.586-1.414.586-1.051-.223-1.414-.586-.586-.861-.586-1.414c0-.325.077-.631.214-.902zm.087-12.042c-.009-.017-.018-.034-.028-.051s-.02-.034-.031-.05c-.154-.283-.242-.608-.242-.955 0-.553.223-1.051.586-1.414s.861-.586 1.414-.586 1.051.223 1.414.586.586.861.586 1.414-.223 1.051-.586 1.414-.861.586-1.414.586-1.051-.223-1.414-.586c-.108-.108-.204-.228-.285-.358zm-8.602 4.888c.009.017.018.034.028.051s.02.034.031.05c.154.283.242.608.242.955s-.088.672-.243.956c-.011.016-.021.033-.031.05s-.019.033-.027.05c-.081.13-.177.25-.285.358-.363.363-.861.586-1.414.586s-1.051-.223-1.414-.586-.586-.861-.586-1.414.223-1.051.586-1.414.861-.586 1.414-.586 1.051.223 1.414.586c.108.108.204.228.285.358zm6.451-4.856-5.308 3.097c-.004-.005-.009-.009-.014-.014-.722-.722-1.724-1.171-2.828-1.171s-2.106.449-2.828 1.172-1.172 1.724-1.172 2.828.449 2.106 1.172 2.828 1.724 1.172 2.828 1.172 2.106-.449 2.828-1.172c.005-.005.009-.009.014-.014l5.309 3.094c-.098.347-.151.714-.151 1.092 0 1.104.449 2.106 1.172 2.828s1.724 1.172 2.828 1.172 2.106-.449 2.828-1.172 1.172-1.724 1.172-2.828-.449-2.106-1.172-2.828-1.724-1.172-2.828-1.172-2.106.449-2.828 1.172c-.003.003-.007.007-.01.01l-5.312-3.095c.098-.346.15-.71.15-1.087s-.052-.742-.15-1.088l5.308-3.098c.004.005.009.009.014.014.722.723 1.724 1.172 2.828 1.172s2.106-.449 2.828-1.172 1.172-1.724 1.172-2.828-.449-2.106-1.172-2.828-1.724-1.172-2.828-1.172-2.106.449-2.828 1.172-1.172 1.724-1.172 2.828c0 .377.052.742.15 1.088z\"\/><\/svg>\n             <span class=\"sr-only\">teilen<\/span>\n        <\/a>\n        <span class=\"share-icons js-share-post\">\n            <a href=\"https:\/\/www.facebook.com\/sharer\/sharer.php?u=https%3A%2F%2Fwww.berlin.arbeitundleben.de%2Feduklima%2Fkontakt%2F\" target=\"_blank\">\n                <i class=\"icon-facebook\"><\/i>\n                <span class=\"sr-only\">facebook<\/span>\n            <\/a>\n            <a href=\"https:\/\/twitter.com\/share?url=https%3A%2F%2Fwww.berlin.arbeitundleben.de%2Feduklima%2Fkontakt%2F&#038;text=Kontakt\" target=\"_blank\">\n                <i class=\"icon-twitter\"><\/i>\n                <span class=\"sr-only\">twitter<\/span>\n            <\/a>\n            <a href=\"http:\/\/www.linkedin.com\/shareArticle?url=https%3A%2F%2Fwww.berlin.arbeitundleben.de%2Feduklima%2Fkontakt%2F&#038;title=Kontakt&#038;source=https%3A%2F%2Fwww.berlin.arbeitundleben.de%2Feduklima\" target=\"_blank\">\n                <i class=\"icon-linkedin\"><\/i>\n                <span class=\"sr-only\">linkedin<\/span>\n            <\/a>\n            <a href=\"mailto:?subject=Kontakt&#038;body=https%3A%2F%2Fwww.berlin.arbeitundleben.de%2Feduklima%2Fkontakt%2F\" class=\"circle-mail\" target=\"_blank\">\n                <i class=\"icon-envelope\"><\/i>\n                 <span class=\"sr-only\">mail<\/span>\n            <\/a>\n        <\/span>\n    <\/div>\n<\/div>\n        <\/div>\n    <\/div>\n\n\n<\/div>","protected":false},"excerpt":{"rendered":"","protected":false},"author":1,"featured_media":0,"parent":0,"menu_order":0,"comment_status":"closed","ping_status":"closed","template":"","meta":{"_acf_changed":false,"footnotes":""},"class_list":["post-95","page","type-page","status-publish","hentry"],"acf":[],"yoast_head":"<!-- This site is optimized with the Yoast SEO plugin v26.1.1 - https:\/\/yoast.com\/wordpress\/plugins\/seo\/ -->\n<title>Kontakt - Eduklima<\/title>\n<meta name=\"robots\" content=\"index, follow, max-snippet:-1, max-image-preview:large, max-video-preview:-1\" \/>\n<link rel=\"canonical\" href=\"https:\/\/www.berlin.arbeitundleben.de\/eduklima\/kontakt\/\" \/>\n<meta property=\"og:locale\" content=\"de_DE\" \/>\n<meta property=\"og:type\" content=\"article\" \/>\n<meta property=\"og:title\" content=\"Kontakt - Eduklima\" \/>\n<meta property=\"og:url\" content=\"https:\/\/www.berlin.arbeitundleben.de\/eduklima\/kontakt\/\" \/>\n<meta property=\"og:site_name\" content=\"Eduklima\" \/>\n<meta property=\"article:modified_time\" content=\"2025-10-13T15:33:08+00:00\" \/>\n<meta name=\"twitter:card\" content=\"summary_large_image\" \/>\n<script type=\"application\/ld+json\" class=\"yoast-schema-graph\">{\"@context\":\"https:\/\/schema.org\",\"@graph\":[{\"@type\":\"WebPage\",\"@id\":\"https:\/\/www.berlin.arbeitundleben.de\/eduklima\/kontakt\/\",\"url\":\"https:\/\/www.berlin.arbeitundleben.de\/eduklima\/kontakt\/\",\"name\":\"Kontakt - Eduklima\",\"isPartOf\":{\"@id\":\"https:\/\/www.berlin.arbeitundleben.de\/eduklima\/#website\"},\"datePublished\":\"2023-12-07T08:44:35+00:00\",\"dateModified\":\"2025-10-13T15:33:08+00:00\",\"breadcrumb\":{\"@id\":\"https:\/\/www.berlin.arbeitundleben.de\/eduklima\/kontakt\/#breadcrumb\"},\"inLanguage\":\"de\",\"potentialAction\":[{\"@type\":\"ReadAction\",\"target\":[\"https:\/\/www.berlin.arbeitundleben.de\/eduklima\/kontakt\/\"]}]},{\"@type\":\"BreadcrumbList\",\"@id\":\"https:\/\/www.berlin.arbeitundleben.de\/eduklima\/kontakt\/#breadcrumb\",\"itemListElement\":[{\"@type\":\"ListItem\",\"position\":1,\"name\":\"Startseite\",\"item\":\"https:\/\/www.berlin.arbeitundleben.de\/eduklima\/\"},{\"@type\":\"ListItem\",\"position\":2,\"name\":\"Kontakt\"}]},{\"@type\":\"WebSite\",\"@id\":\"https:\/\/www.berlin.arbeitundleben.de\/eduklima\/#website\",\"url\":\"https:\/\/www.berlin.arbeitundleben.de\/eduklima\/\",\"name\":\"Eduklima\",\"description\":\"\",\"publisher\":{\"@id\":\"https:\/\/www.berlin.arbeitundleben.de\/eduklima\/#organization\"},\"potentialAction\":[{\"@type\":\"SearchAction\",\"target\":{\"@type\":\"EntryPoint\",\"urlTemplate\":\"https:\/\/www.berlin.arbeitundleben.de\/eduklima\/?s={search_term_string}\"},\"query-input\":{\"@type\":\"PropertyValueSpecification\",\"valueRequired\":true,\"valueName\":\"search_term_string\"}}],\"inLanguage\":\"de\"},{\"@type\":\"Organization\",\"@id\":\"https:\/\/www.berlin.arbeitundleben.de\/eduklima\/#organization\",\"name\":\"Eduklima\",\"url\":\"https:\/\/www.berlin.arbeitundleben.de\/eduklima\/\",\"logo\":{\"@type\":\"ImageObject\",\"inLanguage\":\"de\",\"@id\":\"https:\/\/www.berlin.arbeitundleben.de\/eduklima\/#\/schema\/logo\/image\/\",\"url\":\"https:\/\/www.berlin.arbeitundleben.de\/eduklima\/wp-content\/uploads\/2023\/11\/aul-logo.png\",\"contentUrl\":\"https:\/\/www.berlin.arbeitundleben.de\/eduklima\/wp-content\/uploads\/2023\/11\/aul-logo.png\",\"width\":378,\"height\":183,\"caption\":\"Eduklima\"},\"image\":{\"@id\":\"https:\/\/www.berlin.arbeitundleben.de\/eduklima\/#\/schema\/logo\/image\/\"}}]}<\/script>\n<!-- \/ Yoast SEO plugin. -->","yoast_head_json":{"title":"Kontakt - Eduklima","robots":{"index":"index","follow":"follow","max-snippet":"max-snippet:-1","max-image-preview":"max-image-preview:large","max-video-preview":"max-video-preview:-1"},"canonical":"https:\/\/www.berlin.arbeitundleben.de\/eduklima\/kontakt\/","og_locale":"de_DE","og_type":"article","og_title":"Kontakt - Eduklima","og_url":"https:\/\/www.berlin.arbeitundleben.de\/eduklima\/kontakt\/","og_site_name":"Eduklima","article_modified_time":"2025-10-13T15:33:08+00:00","twitter_card":"summary_large_image","schema":{"@context":"https:\/\/schema.org","@graph":[{"@type":"WebPage","@id":"https:\/\/www.berlin.arbeitundleben.de\/eduklima\/kontakt\/","url":"https:\/\/www.berlin.arbeitundleben.de\/eduklima\/kontakt\/","name":"Kontakt - Eduklima","isPartOf":{"@id":"https:\/\/www.berlin.arbeitundleben.de\/eduklima\/#website"},"datePublished":"2023-12-07T08:44:35+00:00","dateModified":"2025-10-13T15:33:08+00:00","breadcrumb":{"@id":"https:\/\/www.berlin.arbeitundleben.de\/eduklima\/kontakt\/#breadcrumb"},"inLanguage":"de","potentialAction":[{"@type":"ReadAction","target":["https:\/\/www.berlin.arbeitundleben.de\/eduklima\/kontakt\/"]}]},{"@type":"BreadcrumbList","@id":"https:\/\/www.berlin.arbeitundleben.de\/eduklima\/kontakt\/#breadcrumb","itemListElement":[{"@type":"ListItem","position":1,"name":"Startseite","item":"https:\/\/www.berlin.arbeitundleben.de\/eduklima\/"},{"@type":"ListItem","position":2,"name":"Kontakt"}]},{"@type":"WebSite","@id":"https:\/\/www.berlin.arbeitundleben.de\/eduklima\/#website","url":"https:\/\/www.berlin.arbeitundleben.de\/eduklima\/","name":"Eduklima","description":"","publisher":{"@id":"https:\/\/www.berlin.arbeitundleben.de\/eduklima\/#organization"},"potentialAction":[{"@type":"SearchAction","target":{"@type":"EntryPoint","urlTemplate":"https:\/\/www.berlin.arbeitundleben.de\/eduklima\/?s={search_term_string}"},"query-input":{"@type":"PropertyValueSpecification","valueRequired":true,"valueName":"search_term_string"}}],"inLanguage":"de"},{"@type":"Organization","@id":"https:\/\/www.berlin.arbeitundleben.de\/eduklima\/#organization","name":"Eduklima","url":"https:\/\/www.berlin.arbeitundleben.de\/eduklima\/","logo":{"@type":"ImageObject","inLanguage":"de","@id":"https:\/\/www.berlin.arbeitundleben.de\/eduklima\/#\/schema\/logo\/image\/","url":"https:\/\/www.berlin.arbeitundleben.de\/eduklima\/wp-content\/uploads\/2023\/11\/aul-logo.png","contentUrl":"https:\/\/www.berlin.arbeitundleben.de\/eduklima\/wp-content\/uploads\/2023\/11\/aul-logo.png","width":378,"height":183,"caption":"Eduklima"},"image":{"@id":"https:\/\/www.berlin.arbeitundleben.de\/eduklima\/#\/schema\/logo\/image\/"}}]}},"_links":{"self":[{"href":"https:\/\/www.berlin.arbeitundleben.de\/eduklima\/wp-json\/wp\/v2\/pages\/95","targetHints":{"allow":["GET"]}}],"collection":[{"href":"https:\/\/www.berlin.arbeitundleben.de\/eduklima\/wp-json\/wp\/v2\/pages"}],"about":[{"href":"https:\/\/www.berlin.arbeitundleben.de\/eduklima\/wp-json\/wp\/v2\/types\/page"}],"author":[{"embeddable":true,"href":"https:\/\/www.berlin.arbeitundleben.de\/eduklima\/wp-json\/wp\/v2\/users\/1"}],"replies":[{"embeddable":true,"href":"https:\/\/www.berlin.arbeitundleben.de\/eduklima\/wp-json\/wp\/v2\/comments?post=95"}],"version-history":[{"count":15,"href":"https:\/\/www.berlin.arbeitundleben.de\/eduklima\/wp-json\/wp\/v2\/pages\/95\/revisions"}],"predecessor-version":[{"id":1318,"href":"https:\/\/www.berlin.arbeitundleben.de\/eduklima\/wp-json\/wp\/v2\/pages\/95\/revisions\/1318"}],"wp:attachment":[{"href":"https:\/\/www.berlin.arbeitundleben.de\/eduklima\/wp-json\/wp\/v2\/media?parent=95"}],"curies":[{"name":"wp","href":"https:\/\/api.w.org\/{rel}","templated":true}]}}