{"id":521,"date":"2024-01-16T12:19:24","date_gmt":"2024-01-16T11:19:24","guid":{"rendered":"https:\/\/www.berlin.arbeitundleben.de\/eduklima\/?page_id=521"},"modified":"2024-06-04T12:19:58","modified_gmt":"2024-06-04T10:19:58","slug":"was-ist-eduklima","status":"publish","type":"page","link":"https:\/\/www.berlin.arbeitundleben.de\/eduklima\/was-ist-eduklima\/","title":{"rendered":"Was ist eduKlima?"},"content":{"rendered":" <div class=\"block block--header \" id=\"block_99842187966b8334cc5a290d0d90bb0f\" data-id=\"\">\n\n\t<header class=\"header--small relative flex flex--middle\">\n\n     \n\t\t\t<img decoding=\"async\" src=\"https:\/\/www.berlin.arbeitundleben.de\/eduklima\/wp-content\/uploads\/2023\/12\/header_allgemein_blau-1600x289.jpg\"\n\t\t\t\tsrcset=\"https:\/\/www.berlin.arbeitundleben.de\/eduklima\/wp-content\/uploads\/2023\/12\/header_allgemein_blau.jpg 2400w,\n\t\t\t\t\t\thttps:\/\/www.berlin.arbeitundleben.de\/eduklima\/wp-content\/uploads\/2023\/12\/header_allgemein_blau.jpg 1920w,\n\t\t\t\t\t\thttps:\/\/www.berlin.arbeitundleben.de\/eduklima\/wp-content\/uploads\/2023\/12\/header_allgemein_blau-1600x289.jpg 1600w,\n\t\t\t\t\t\thttps:\/\/www.berlin.arbeitundleben.de\/eduklima\/wp-content\/uploads\/2023\/12\/header_allgemein_blau-1400x253.jpg 1400w,\n\t\t\t\t\t\thttps:\/\/www.berlin.arbeitundleben.de\/eduklima\/wp-content\/uploads\/2023\/12\/header_allgemein_blau-1200x217.jpg 1200w,\n\t\t\t\t\t\thttps:\/\/www.berlin.arbeitundleben.de\/eduklima\/wp-content\/uploads\/2023\/12\/header_allgemein_blau-1024x185.jpg 1024w,\n\t\t\t\t\t\thttps:\/\/www.berlin.arbeitundleben.de\/eduklima\/wp-content\/uploads\/2023\/12\/header_allgemein_blau-800x145.jpg 800w\" \n\t\t\t\tsizes=\"auto, 100vw\" loading=\"lazy\"\n\t\t\t\twidth=\"1903\" height=\"344\"\n\t\t\t\talt=\"\">\n\n\t\t\n        <div class=\"one-whole\">\n            <div class=\"container relative\">\n                <h1>eduKlima \u2013 Entdecken Erforschen Erfahren<\/h1>\n                                \t<p>Berufsorientierung und Verbundausbildung zu Klima- und Energieberufen<\/p>\n                            <\/div>\n        <\/div>\n\n    <\/header>\n\n<\/div>\n\n<div class=\"container spacing\"> \n\n    <ul class=\"margin-bottom\" id=\"breadcrumbs\"><li><a href=\"https:\/\/www.berlin.arbeitundleben.de\/eduklima\/\">Startseite<\/a><\/li><\/ul>\n<\/div>\n\n <div class=\"block block--intro  margin-bottom--big\" id=\"block_038424c27bbd5c9f9e77ec9a6c5dcee8\" data-id=\"\">\n\n\n\t<div class=\"container relative padding-top\">\n\n\t\t\t\t\t<svg xmlns=\"http:\/\/www.w3.org\/2000\/svg\" viewBox=\"0 0 549 401\" width=\"549\" height=\"401\"><path fill-rule=\"evenodd\"  fill=\"rgb(240, 240, 245)\" d=\"M549.001,164.345 C549.001,73.578 426.102,-0.001 274.503,-0.001 C122.904,-0.001 0.006,73.578 0.006,164.345 C0.006,250.677 111.218,321.411 252.533,328.119 L202.334,400.989 C419.239,321.890 484.365,272.033 499.064,258.806 C530.488,232.076 549.001,199.516 549.001,164.345 \"\/><\/svg>\n\t\t\n\t\t<div class=\"relative flex flexgrid--gutter flex--wrap\">\n\n\t\t\t<div class=\"flex__item three-fifths lg-one-whole\">\n\t\t\t\t<p class=\"text--bigger\">Das Projekt eduKlima hat zum Ziel, <strong>Jugendlichen der 9. und 10. Klassen<\/strong> <strong>von Integrierten Sekundarschulen<\/strong> praxisorientierte Einblicke in Berufsbilder aus dem Bereich der<strong> Klima- und Energieberufe<\/strong> zu vermitteln. Hierzu wird ein neuartiges Konzept entwickelt, das Sch\u00fcler*innen darin unterst\u00fctzt, den Blick \u00fcber klassische Berufsbilder hinaus zu erweitern und auf Klima- und Energieberufe zu lenken. Dabei sollen die Vielfalt dieser Berufsgruppen in p\u00e4dagogisch-didaktisch geeigneter Weise vermittelt und<strong> berufstypische Aufgaben und T\u00e4tigkeiten<\/strong> erfahrbar gemacht werden.<\/p>\n<p class=\"text--bigger\">Zus\u00e4tzlich richtet sich das Vorhaben im Rahmen von Verbundausbildungsmodellen an Berliner Unternehmen der entsprechend einschl\u00e4gigen Branchen. Das Ziel ist, KMU bei der Ausbildung zu unterst\u00fctzen und nicht vermittelbare Ausbildungsinhalte im Verbund mit anderen Betrieben umzusetzen, um dem Fachkr\u00e4ftemangel im Bereich der Klima- und Energieberufe entgegenzutreten.<\/p>\n<p class=\"text--bigger\"><strong>Zielgruppe:\u00a0<\/strong>\u00a0Sch\u00fcler*innen, Unternehmen aus dem Bereich Klima und Energie<br \/>\n<strong>Zielregion:<\/strong>\u00a0Berlin<\/p>\n<p><strong>Leistungen in der \u00dcbersicht<\/strong><\/p>\n<ul>\n<li class=\"text--bigger\">Entwicklung eines neuartigen Konzepts zur Berufsorientierung im Bereich der Klima- und Energieberufe<\/li>\n<li class=\"text--bigger\">Vermittlung praxisorientierter Einblicke in Berufsbilder aus dem gro\u00dfen Feld der Klima- und Energieberufe<\/li>\n<li class=\"text--bigger\">Organisation von praxisnahen Erfahrungen und Einblicken in Klima- und Energieberufe f\u00fcr Jugendliche der 9. und 10. Klassen von Integrierten Sekundarschulen<\/li>\n<li class=\"text--bigger\">Unterst\u00fctzung von KMU bei der Ausbildung und Umsetzung von Verbundausbildungsmodellen im Bereich der Klima- und Energieberufe<\/li>\n<li class=\"text--bigger\">Beitrag zur Bek\u00e4mpfung des Fachkr\u00e4ftemangels im Bereich der Klima- und Energieberufe durch die Vermittlung von Fachkenntnissen und praxisnahen Erfahrungen.<\/li>\n<\/ul>\n            <\/div>\n            <div class=\"flex__item two-fifths lg-one-whole\">\n\n        \t\t<div class=\"aside__bg\">\n        \t\t\t<h4 class=\"\"><\/h4>\n\n\n        \t\t\t\n        \t\t\t\t\n        \t\t\t\t\t<div class=\"box contacts\">\n\n                                <div class=\"flex flex--middle\">\n                                \t\t                                    <div class=\"round\">\n\t                                        <img decoding=\"async\" src=\"https:\/\/www.berlin.arbeitundleben.de\/eduklima\/wp-content\/uploads\/2024\/04\/Personalfoto_AuLBB_Diana_extern-320x480-1.jpg\" alt=\"\">\n\t                                    <\/div>\n\t                                                                    <div class=\"one-whole\">\n                                        <h5>DIANA WOLTERSDORF<\/h5>\n<p>Projektleitung<\/p>\n<p><strong> <a href=\"tel:030513019260\"> 030 \/ 5130 192-60 <\/a> <\/strong><br \/>\n<strong> <a href=\"mailto:Woltersdorf@berlin.arbeitundleben.de\"> woltersdorf@berlin.arbeitundleben.de <\/a> <\/strong><\/p>\n                                    <\/div>\n                                <\/div>\n\n\t\t\t\t\t\t\t<\/div>\n\n        \t\t\t\t\n        \t\t\t\t\t<div class=\"box contacts\">\n\n                                <div class=\"flex flex--middle\">\n                                \t\t                                    <div class=\"round\">\n\t                                        <img decoding=\"async\" src=\"https:\/\/www.berlin.arbeitundleben.de\/eduklima\/wp-content\/uploads\/2024\/01\/Personalfotos_AuLBB_\u00a9LorelaiFotografie-Tuelay-320x480-1.jpg\" alt=\"\">\n\t                                    <\/div>\n\t                                                                    <div class=\"one-whole\">\n                                        <h5>T\u00fclay Usta<\/h5>\n<p>Projektreferentin<\/p>\n<p><strong><a href=\"tel:030513019237\">030 \/ 5130 192-37<\/a><br \/>\n<a href=\"mailto:usta@berlin.arbeitundleben.de\">usta@berlin.arbeitundleben.de<\/a> <\/strong><\/p>\n                                    <\/div>\n                                <\/div>\n\n\t\t\t\t\t\t\t<\/div>\n\n        \t\t\t\t\n        \t\t\t\t\t<div class=\"box contacts\">\n\n                                <div class=\"flex flex--middle\">\n                                \t\t                                    <div class=\"round\">\n\t                                        <img decoding=\"async\" src=\"https:\/\/www.berlin.arbeitundleben.de\/eduklima\/wp-content\/uploads\/2024\/01\/Personalfotos_AuLBB_3_\u00a9LorelaiFotografie-Christoph-320x480-1.jpg\" alt=\"\">\n\t                                    <\/div>\n\t                                                                    <div class=\"one-whole\">\n                                        <h5>Christoph Weise<\/h5>\n<p>Projektreferent<\/p>\n<p><strong><a href=\"tel:030513019235\">030 \/ 5130 192-35<\/a><br \/>\n<a href=\"mailto:weise@berlin.arbeitundleben.de\">weise@berlin.arbeitundleben.de<\/a><\/strong><\/p>\n                                    <\/div>\n                                <\/div>\n\n\t\t\t\t\t\t\t<\/div>\n\n        \t\t\t\t\n        \t\t\t\n        \t\t<\/div>\n\n        \t<\/div>\n\n        <\/div>\n\n    <\/div>\n\n<\/div>","protected":false},"excerpt":{"rendered":"","protected":false},"author":2,"featured_media":0,"parent":0,"menu_order":0,"comment_status":"closed","ping_status":"closed","template":"","meta":{"_acf_changed":false,"footnotes":""},"class_list":["post-521","page","type-page","status-publish","hentry"],"acf":[],"yoast_head":"<!-- This site is optimized with the Yoast SEO plugin v26.1.1 - https:\/\/yoast.com\/wordpress\/plugins\/seo\/ -->\n<title>Was ist eduKlima? - Eduklima<\/title>\n<meta name=\"robots\" content=\"index, follow, max-snippet:-1, max-image-preview:large, max-video-preview:-1\" \/>\n<link rel=\"canonical\" href=\"https:\/\/www.berlin.arbeitundleben.de\/eduklima\/was-ist-eduklima\/\" \/>\n<meta property=\"og:locale\" content=\"de_DE\" \/>\n<meta property=\"og:type\" content=\"article\" \/>\n<meta property=\"og:title\" content=\"Was ist eduKlima? - Eduklima\" \/>\n<meta property=\"og:url\" content=\"https:\/\/www.berlin.arbeitundleben.de\/eduklima\/was-ist-eduklima\/\" \/>\n<meta property=\"og:site_name\" content=\"Eduklima\" \/>\n<meta property=\"article:modified_time\" content=\"2024-06-04T10:19:58+00:00\" \/>\n<meta name=\"twitter:card\" content=\"summary_large_image\" \/>\n<script type=\"application\/ld+json\" class=\"yoast-schema-graph\">{\"@context\":\"https:\/\/schema.org\",\"@graph\":[{\"@type\":\"WebPage\",\"@id\":\"https:\/\/www.berlin.arbeitundleben.de\/eduklima\/was-ist-eduklima\/\",\"url\":\"https:\/\/www.berlin.arbeitundleben.de\/eduklima\/was-ist-eduklima\/\",\"name\":\"Was ist eduKlima? - Eduklima\",\"isPartOf\":{\"@id\":\"https:\/\/www.berlin.arbeitundleben.de\/eduklima\/#website\"},\"datePublished\":\"2024-01-16T11:19:24+00:00\",\"dateModified\":\"2024-06-04T10:19:58+00:00\",\"breadcrumb\":{\"@id\":\"https:\/\/www.berlin.arbeitundleben.de\/eduklima\/was-ist-eduklima\/#breadcrumb\"},\"inLanguage\":\"de\",\"potentialAction\":[{\"@type\":\"ReadAction\",\"target\":[\"https:\/\/www.berlin.arbeitundleben.de\/eduklima\/was-ist-eduklima\/\"]}]},{\"@type\":\"BreadcrumbList\",\"@id\":\"https:\/\/www.berlin.arbeitundleben.de\/eduklima\/was-ist-eduklima\/#breadcrumb\",\"itemListElement\":[{\"@type\":\"ListItem\",\"position\":1,\"name\":\"Startseite\",\"item\":\"https:\/\/www.berlin.arbeitundleben.de\/eduklima\/\"},{\"@type\":\"ListItem\",\"position\":2,\"name\":\"Was ist eduKlima?\"}]},{\"@type\":\"WebSite\",\"@id\":\"https:\/\/www.berlin.arbeitundleben.de\/eduklima\/#website\",\"url\":\"https:\/\/www.berlin.arbeitundleben.de\/eduklima\/\",\"name\":\"Eduklima\",\"description\":\"\",\"publisher\":{\"@id\":\"https:\/\/www.berlin.arbeitundleben.de\/eduklima\/#organization\"},\"potentialAction\":[{\"@type\":\"SearchAction\",\"target\":{\"@type\":\"EntryPoint\",\"urlTemplate\":\"https:\/\/www.berlin.arbeitundleben.de\/eduklima\/?s={search_term_string}\"},\"query-input\":{\"@type\":\"PropertyValueSpecification\",\"valueRequired\":true,\"valueName\":\"search_term_string\"}}],\"inLanguage\":\"de\"},{\"@type\":\"Organization\",\"@id\":\"https:\/\/www.berlin.arbeitundleben.de\/eduklima\/#organization\",\"name\":\"Eduklima\",\"url\":\"https:\/\/www.berlin.arbeitundleben.de\/eduklima\/\",\"logo\":{\"@type\":\"ImageObject\",\"inLanguage\":\"de\",\"@id\":\"https:\/\/www.berlin.arbeitundleben.de\/eduklima\/#\/schema\/logo\/image\/\",\"url\":\"https:\/\/www.berlin.arbeitundleben.de\/eduklima\/wp-content\/uploads\/2023\/11\/aul-logo.png\",\"contentUrl\":\"https:\/\/www.berlin.arbeitundleben.de\/eduklima\/wp-content\/uploads\/2023\/11\/aul-logo.png\",\"width\":378,\"height\":183,\"caption\":\"Eduklima\"},\"image\":{\"@id\":\"https:\/\/www.berlin.arbeitundleben.de\/eduklima\/#\/schema\/logo\/image\/\"}}]}<\/script>\n<!-- \/ Yoast SEO plugin. -->","yoast_head_json":{"title":"Was ist eduKlima? - Eduklima","robots":{"index":"index","follow":"follow","max-snippet":"max-snippet:-1","max-image-preview":"max-image-preview:large","max-video-preview":"max-video-preview:-1"},"canonical":"https:\/\/www.berlin.arbeitundleben.de\/eduklima\/was-ist-eduklima\/","og_locale":"de_DE","og_type":"article","og_title":"Was ist eduKlima? - Eduklima","og_url":"https:\/\/www.berlin.arbeitundleben.de\/eduklima\/was-ist-eduklima\/","og_site_name":"Eduklima","article_modified_time":"2024-06-04T10:19:58+00:00","twitter_card":"summary_large_image","schema":{"@context":"https:\/\/schema.org","@graph":[{"@type":"WebPage","@id":"https:\/\/www.berlin.arbeitundleben.de\/eduklima\/was-ist-eduklima\/","url":"https:\/\/www.berlin.arbeitundleben.de\/eduklima\/was-ist-eduklima\/","name":"Was ist eduKlima? - Eduklima","isPartOf":{"@id":"https:\/\/www.berlin.arbeitundleben.de\/eduklima\/#website"},"datePublished":"2024-01-16T11:19:24+00:00","dateModified":"2024-06-04T10:19:58+00:00","breadcrumb":{"@id":"https:\/\/www.berlin.arbeitundleben.de\/eduklima\/was-ist-eduklima\/#breadcrumb"},"inLanguage":"de","potentialAction":[{"@type":"ReadAction","target":["https:\/\/www.berlin.arbeitundleben.de\/eduklima\/was-ist-eduklima\/"]}]},{"@type":"BreadcrumbList","@id":"https:\/\/www.berlin.arbeitundleben.de\/eduklima\/was-ist-eduklima\/#breadcrumb","itemListElement":[{"@type":"ListItem","position":1,"name":"Startseite","item":"https:\/\/www.berlin.arbeitundleben.de\/eduklima\/"},{"@type":"ListItem","position":2,"name":"Was ist eduKlima?"}]},{"@type":"WebSite","@id":"https:\/\/www.berlin.arbeitundleben.de\/eduklima\/#website","url":"https:\/\/www.berlin.arbeitundleben.de\/eduklima\/","name":"Eduklima","description":"","publisher":{"@id":"https:\/\/www.berlin.arbeitundleben.de\/eduklima\/#organization"},"potentialAction":[{"@type":"SearchAction","target":{"@type":"EntryPoint","urlTemplate":"https:\/\/www.berlin.arbeitundleben.de\/eduklima\/?s={search_term_string}"},"query-input":{"@type":"PropertyValueSpecification","valueRequired":true,"valueName":"search_term_string"}}],"inLanguage":"de"},{"@type":"Organization","@id":"https:\/\/www.berlin.arbeitundleben.de\/eduklima\/#organization","name":"Eduklima","url":"https:\/\/www.berlin.arbeitundleben.de\/eduklima\/","logo":{"@type":"ImageObject","inLanguage":"de","@id":"https:\/\/www.berlin.arbeitundleben.de\/eduklima\/#\/schema\/logo\/image\/","url":"https:\/\/www.berlin.arbeitundleben.de\/eduklima\/wp-content\/uploads\/2023\/11\/aul-logo.png","contentUrl":"https:\/\/www.berlin.arbeitundleben.de\/eduklima\/wp-content\/uploads\/2023\/11\/aul-logo.png","width":378,"height":183,"caption":"Eduklima"},"image":{"@id":"https:\/\/www.berlin.arbeitundleben.de\/eduklima\/#\/schema\/logo\/image\/"}}]}},"_links":{"self":[{"href":"https:\/\/www.berlin.arbeitundleben.de\/eduklima\/wp-json\/wp\/v2\/pages\/521","targetHints":{"allow":["GET"]}}],"collection":[{"href":"https:\/\/www.berlin.arbeitundleben.de\/eduklima\/wp-json\/wp\/v2\/pages"}],"about":[{"href":"https:\/\/www.berlin.arbeitundleben.de\/eduklima\/wp-json\/wp\/v2\/types\/page"}],"author":[{"embeddable":true,"href":"https:\/\/www.berlin.arbeitundleben.de\/eduklima\/wp-json\/wp\/v2\/users\/2"}],"replies":[{"embeddable":true,"href":"https:\/\/www.berlin.arbeitundleben.de\/eduklima\/wp-json\/wp\/v2\/comments?post=521"}],"version-history":[{"count":14,"href":"https:\/\/www.berlin.arbeitundleben.de\/eduklima\/wp-json\/wp\/v2\/pages\/521\/revisions"}],"predecessor-version":[{"id":999,"href":"https:\/\/www.berlin.arbeitundleben.de\/eduklima\/wp-json\/wp\/v2\/pages\/521\/revisions\/999"}],"wp:attachment":[{"href":"https:\/\/www.berlin.arbeitundleben.de\/eduklima\/wp-json\/wp\/v2\/media?parent=521"}],"curies":[{"name":"wp","href":"https:\/\/api.w.org\/{rel}","templated":true}]}}