{"id":388,"date":"2024-01-12T11:39:16","date_gmt":"2024-01-12T10:39:16","guid":{"rendered":"https:\/\/www.berlin.arbeitundleben.de\/eduklima\/?page_id=388"},"modified":"2025-04-24T05:33:42","modified_gmt":"2025-04-24T03:33:42","slug":"klimaberufe","status":"publish","type":"page","link":"https:\/\/www.berlin.arbeitundleben.de\/eduklima\/klimaberufe\/","title":{"rendered":"Klimaberufe"},"content":{"rendered":" <div class=\"block block--header \" id=\"block_37cadc3e103ba2e6cce2dea8a57f2c64\" data-id=\"\">\n\n\t<header class=\"header--small relative flex flex--middle\">\n\n     \n\t\t\t<img decoding=\"async\" src=\"https:\/\/www.berlin.arbeitundleben.de\/eduklima\/wp-content\/uploads\/2023\/12\/header_allgemein_blau-1600x289.jpg\"\n\t\t\t\tsrcset=\"https:\/\/www.berlin.arbeitundleben.de\/eduklima\/wp-content\/uploads\/2023\/12\/header_allgemein_blau.jpg 2400w,\n\t\t\t\t\t\thttps:\/\/www.berlin.arbeitundleben.de\/eduklima\/wp-content\/uploads\/2023\/12\/header_allgemein_blau.jpg 1920w,\n\t\t\t\t\t\thttps:\/\/www.berlin.arbeitundleben.de\/eduklima\/wp-content\/uploads\/2023\/12\/header_allgemein_blau-1600x289.jpg 1600w,\n\t\t\t\t\t\thttps:\/\/www.berlin.arbeitundleben.de\/eduklima\/wp-content\/uploads\/2023\/12\/header_allgemein_blau-1400x253.jpg 1400w,\n\t\t\t\t\t\thttps:\/\/www.berlin.arbeitundleben.de\/eduklima\/wp-content\/uploads\/2023\/12\/header_allgemein_blau-1200x217.jpg 1200w,\n\t\t\t\t\t\thttps:\/\/www.berlin.arbeitundleben.de\/eduklima\/wp-content\/uploads\/2023\/12\/header_allgemein_blau-1024x185.jpg 1024w,\n\t\t\t\t\t\thttps:\/\/www.berlin.arbeitundleben.de\/eduklima\/wp-content\/uploads\/2023\/12\/header_allgemein_blau-800x145.jpg 800w\" \n\t\t\t\tsizes=\"auto, 100vw\" loading=\"lazy\"\n\t\t\t\twidth=\"1903\" height=\"344\"\n\t\t\t\talt=\"\">\n\n\t\t\n        <div class=\"one-whole\">\n            <div class=\"container relative\">\n                <h1>Klimaberufe<\/h1>\n                            <\/div>\n        <\/div>\n\n    <\/header>\n\n<\/div>\n\n<div class=\"container spacing\"> \n\n    <ul class=\"margin-bottom\" id=\"breadcrumbs\"><li><a href=\"https:\/\/www.berlin.arbeitundleben.de\/eduklima\/\">Startseite<\/a><\/li><\/ul>\n<\/div>\n\n <div class=\"block block--intro  margin-bottom--big\" id=\"block_488fb0a1c99fa773064196db2847761e\" data-id=\"\">\n\n\n\t<div class=\"container relative padding-top\">\n\n\t\t\t\t\t<svg xmlns=\"http:\/\/www.w3.org\/2000\/svg\" viewBox=\"0 0 549 401\" width=\"549\" height=\"401\"><path fill-rule=\"evenodd\"  fill=\"rgb(240, 240, 245)\" d=\"M549.001,164.345 C549.001,73.578 426.102,-0.001 274.503,-0.001 C122.904,-0.001 0.006,73.578 0.006,164.345 C0.006,250.677 111.218,321.411 252.533,328.119 L202.334,400.989 C419.239,321.890 484.365,272.033 499.064,258.806 C530.488,232.076 549.001,199.516 549.001,164.345 \"\/><\/svg>\n\t\t\n\t\t<div class=\"relative flex flexgrid--gutter flex--wrap\">\n\n\t\t\t<div class=\"flex__item three-fifths lg-one-whole\">\n\t\t\t\t<h5 class=\"text--bigger\"><strong>Was sind Klimaberufe und welche Beispiele nutzen wir bei eduKlima?<\/strong><\/h5>\n<p class=\"text--bigger\">F\u00fcr die Berufsorientierung und die praktischen Aufgaben haben wir 4 exemplarische Berufsfelder ausgew\u00e4hlt. Sie stehen f\u00fcr die Vielfalt der m\u00f6glichen Klimaberufe. Klimaberufe sind dabei eine vielf\u00e4ltige Gruppe von Berufen innerhalb dieser Berufsfelder, die sich darauf konzentrieren, den Herausforderungen des Klimawandels zu begegnen und nachhaltige L\u00f6sungen zu entwickeln. Diese Berufsfelder spielen eine entscheidende Rolle bei der Reduzierung von Umweltauswirkungen, der F\u00f6rderung erneuerbarer Energien und der Umsetzung nachhaltiger Praktiken in verschiedenen Branchen.<\/p>\n<p class=\"text--bigger\">In zahlreichen Berufsfeldern sind Fachleute gefragt, die sich auf den Klimaschutz spezialisiert haben.<\/p>\n            <\/div>\n            <div class=\"flex__item two-fifths lg-one-whole\">\n\n        \t\t<div class=\"aside__bg\">\n        \t\t\t<h4 class=\"\"><\/h4>\n\n\n        \t\t\t\n        \t\t\t\t\n        \t\t\t\t\t<div class=\"box contacts\">\n\n                                <div class=\"flex flex--middle\">\n                                \t\t                                    <div class=\"round\">\n\t                                        <img decoding=\"async\" src=\"https:\/\/www.berlin.arbeitundleben.de\/eduklima\/wp-content\/uploads\/2024\/04\/Personalfoto_AuLBB_Diana_extern-320x480-1.jpg\" alt=\"\">\n\t                                    <\/div>\n\t                                                                    <div class=\"one-whole\">\n                                        <h5>DIANA WOLTERSDORF<\/h5>\n<p>Projektleitung<\/p>\n<p><strong> <a href=\"tel:030513019260\"> 030 \/ 5130 192-60 <\/a> <\/strong><br \/>\n<strong> <a href=\"mailto:Woltersdorf@berlin.arbeitundleben.de\"> woltersdorf@berlin.arbeitundleben.de <\/a> <\/strong><\/p>\n                                    <\/div>\n                                <\/div>\n\n\t\t\t\t\t\t\t<\/div>\n\n        \t\t\t\t\n        \t\t\t\t\t<div class=\"box contacts\">\n\n                                <div class=\"flex flex--middle\">\n                                \t\t                                    <div class=\"round\">\n\t                                        <img decoding=\"async\" src=\"https:\/\/www.berlin.arbeitundleben.de\/eduklima\/wp-content\/uploads\/2024\/01\/Personalfotos_AuLBB_\u00a9LorelaiFotografie-Tuelay-320x480-1.jpg\" alt=\"\">\n\t                                    <\/div>\n\t                                                                    <div class=\"one-whole\">\n                                        <h5>T\u00fclay Usta<\/h5>\n<p>Projektreferentin<\/p>\n<p><strong><a href=\"tel:030513019237\">030 \/ 5130 192-37<\/a><br \/>\n<a href=\"mailto:usta@berlin.arbeitundleben.de\">usta@berlin.arbeitundleben.de<\/a> <\/strong><\/p>\n                                    <\/div>\n                                <\/div>\n\n\t\t\t\t\t\t\t<\/div>\n\n        \t\t\t\t\n        \t\t\t\t\t<div class=\"box contacts\">\n\n                                <div class=\"flex flex--middle\">\n                                \t\t                                    <div class=\"round\">\n\t                                        <img decoding=\"async\" src=\"https:\/\/www.berlin.arbeitundleben.de\/eduklima\/wp-content\/uploads\/2024\/01\/Personalfotos_AuLBB_3_\u00a9LorelaiFotografie-Christoph-320x480-1.jpg\" alt=\"\">\n\t                                    <\/div>\n\t                                                                    <div class=\"one-whole\">\n                                        <h5>Christoph Weise<\/h5>\n<p>Projektreferent<\/p>\n<p><strong><a href=\"tel:030513019235\">030 \/ 5130 192-35<\/a><br \/>\n<a href=\"mailto:weise@berlin.arbeitundleben.de\">weise@berlin.arbeitundleben.de<\/a><\/strong><\/p>\n                                    <\/div>\n                                <\/div>\n\n\t\t\t\t\t\t\t<\/div>\n\n        \t\t\t\t\n        \t\t\t\n        \t\t<\/div>\n\n        \t<\/div>\n\n        <\/div>\n\n    <\/div>\n\n<\/div>\n\n <div class=\"block block--text  margin-bottom--big\" id=\"block_c881bcc53e82eb137264116b7b081c8c\" data-id=\"\">\n\n\n\t<div class=\"container normal\">\n\n\t\t\n\t\t<div class=\"flex flexgrid--gutter flex--wrap\">\n    \t\t<div class=\"flex__item one-quarter sm-one-half xs-one-whole xs-margin-bottom\">\n\t\t\t\t\n\t\t\t\t\t\t\n\n    \t\t\t\t\t\t\t\t<figure style=\"display:block;\" class=\"relative\">\n\t\t\t\t\t\t\n\t\t\t\t\t\t\n\t\t\t\t\t\t\t<img decoding=\"async\" src=\"https:\/\/www.berlin.arbeitundleben.de\/eduklima\/wp-content\/uploads\/2024\/01\/vorschau_fachinformatiker-420x420.jpg\"\n\t\t\t\t\t\t\t\tsrcset=\"https:\/\/www.berlin.arbeitundleben.de\/eduklima\/wp-content\/uploads\/2024\/01\/vorschau_fachinformatiker-540x540.jpg 2x,\n\t\t\t\t\t\t\t\t\t   https:\/\/www.berlin.arbeitundleben.de\/eduklima\/wp-content\/uploads\/2024\/01\/vorschau_fachinformatiker-420x420.jpg 1x\"\n\t\t\t\t\t\t\t\talt=\"\" \n\t\t\t\t\t\t\t\t\t\t\t\t\t\t\t\t\twidth=\"1280\"\n\t\t\t\t\t\t\t\t\theight=\"1280\"\n\t\t\t\t\t\t\t\t\tloading=\"lazy\"\n\t\t\t\t\t\t\t\t\t\t\t\t\t\t\t\tclass=\"one-whole\" \/>\n\n\t\t\t\t\t\t\n\t\t\t\t\t\t\n\t\t\t\t\t\t\t\t\t\t\t\t\n\t\t\t\t\t\t                            <figcaption style=\"color:#FFF;color:#FFF;position:absolute;bottom:0.25rem;right:0.5rem;font-size:0.55rem;text-shadow:0 1px 2px rgba(0,0,0,0.4);\">\n                                &copy; KI generiert                            <\/figcaption>\n                        \t\t\t\t\t\t\n\t\t\t\t\t<\/figure>\n\t    \t\t\n\t    \t\t\n    \t\t<\/div>\n    \t\t<div class=\"flex__item three-quarters sm-one-half xs-one-whole\">\n    \t\t\t<p class=\"text--bigger\">Ein herausragendes Beispiel ist das Berufsfeld <strong>IT &#038; Computer<\/strong>. Personen aus diesem Berufsfdel k\u00f6nnen Softwarel\u00f6sungen konzipieren und entwickeln, die dazu beitragen, Energieeffizienz zu steigern, den Ressourcenverbrauch zu optimieren und Umweltauswirkungen zu minimieren. Sie k\u00f6nnen beispielsweise innovative Anwendungen entwerfen, die den Energieverbrauch von Geb\u00e4uden \u00fcberwachen und steuern, um eine nachhaltige Nutzung zu gew\u00e4hrleisten.<\/p>\n    \t\t<\/div>\n    \t<\/div>\n\n\t<\/div>\n\n<\/div>\n\n <div class=\"block block--text  margin-bottom--big\" id=\"block_4e685e915ce8537c1b7dd0eee23dd407\" data-id=\"\">\n\n\n\t<div class=\"container normal\">\n\n\t\t\n\t\t<div class=\"flex flexgrid--gutter flex--wrap\">\n    \t\t<div class=\"flex__item one-quarter sm-one-half xs-one-whole xs-margin-bottom\">\n\t\t\t\t\n\t\t\t\t\t\t\n\n    \t\t\t\t\t\t\t\t<figure style=\"display:block;\" class=\"relative\">\n\t\t\t\t\t\t\n\t\t\t\t\t\t\n\t\t\t\t\t\t\t<img decoding=\"async\" src=\"https:\/\/www.berlin.arbeitundleben.de\/eduklima\/wp-content\/uploads\/2024\/01\/vorschau_brunnenbauer-420x420.jpg\"\n\t\t\t\t\t\t\t\tsrcset=\"https:\/\/www.berlin.arbeitundleben.de\/eduklima\/wp-content\/uploads\/2024\/01\/vorschau_brunnenbauer-540x540.jpg 2x,\n\t\t\t\t\t\t\t\t\t   https:\/\/www.berlin.arbeitundleben.de\/eduklima\/wp-content\/uploads\/2024\/01\/vorschau_brunnenbauer-420x420.jpg 1x\"\n\t\t\t\t\t\t\t\talt=\"\" \n\t\t\t\t\t\t\t\t\t\t\t\t\t\t\t\t\twidth=\"1280\"\n\t\t\t\t\t\t\t\t\theight=\"1280\"\n\t\t\t\t\t\t\t\t\tloading=\"lazy\"\n\t\t\t\t\t\t\t\t\t\t\t\t\t\t\t\tclass=\"one-whole\" \/>\n\n\t\t\t\t\t\t\n\t\t\t\t\t\t\n\t\t\t\t\t\t\t\t\t\t\t\t\n\t\t\t\t\t\t                            <figcaption style=\"color:#FFF;color:#FFF;position:absolute;bottom:0.25rem;right:0.5rem;font-size:0.55rem;text-shadow:0 1px 2px rgba(0,0,0,0.4);\">\n                                &copy; Arbeit und Leben Berlin\/Brandenburg gGmbH                            <\/figcaption>\n                        \t\t\t\t\t\t\n\t\t\t\t\t<\/figure>\n\t    \t\t\n\t    \t\t\n    \t\t<\/div>\n    \t\t<div class=\"flex__item three-quarters sm-one-half xs-one-whole\">\n    \t\t\t<p class=\"text--bigger\"><strong>Bau, Architektur und Vermessung<\/strong> ist ein Berufsfeld mit wichtigen klimsrelevanten Berufen. Sie spielen zum Beispiel eine entscheidende Rolle bei der Gew\u00e4hrleistung eines nachhaltigen Wassermanagements oder Bauwesens. Sie entwerfen und warten technische Systeme oder Geb\u00e4ude, die eine nachhaltiges Leben erm\u00f6glichen. Dies ist von besonderer Bedeutung in Zeiten des Klimawandels, da zum Beispiel Wasserressourcen knapper werden und eine nachhaltige Wassernutzung unerl\u00e4sslich ist.<\/p>\n    \t\t<\/div>\n    \t<\/div>\n\n\t<\/div>\n\n<\/div>\n\n <div class=\"block block--text  margin-bottom--big\" id=\"block_a5fceeff06ceef90e31d98c124583783\" data-id=\"\">\n\n\n\t<div class=\"container normal\">\n\n\t\t\n\t\t<div class=\"flex flexgrid--gutter flex--wrap\">\n    \t\t<div class=\"flex__item one-quarter sm-one-half xs-one-whole xs-margin-bottom\">\n\t\t\t\t\n\t\t\t\t\t\t\n\n    \t\t\t\n    \t\t<\/div>\n    \t\t<div class=\"flex__item three-quarters sm-one-half xs-one-whole\">\n    \t\t\t<p class=\"text--bigger\"><strong>Menschen im Berufsfeld Elektro<\/strong> sind Expert*innen, f\u00fcr den Bau, die Installation und Wartung von elektrischen Anlagen. Im Kontext von Klimaberufen konzentrieren sie sich auf die Implementierung von energieeffizienten L\u00f6sungen. Das kann die Installation von Solaranlagen, intelligente Geb\u00e4udesteuerungssysteme oder die Optimierung der elektrischen Infrastruktur zur Reduzierung des Energieverbrauchs umfassen.<\/p>\n    \t\t<\/div>\n    \t<\/div>\n\n\t<\/div>\n\n<\/div>\n\n <div class=\"block block--text  margin-bottom--big\" id=\"block_5d4914e102fad7cdc53ff9d2152f1a5a\" data-id=\"\">\n\n\n\t<div class=\"container normal\">\n\n\t\t\n\t\t<div class=\"flex flexgrid--gutter flex--wrap\">\n    \t\t<div class=\"flex__item one-quarter sm-one-half xs-one-whole xs-margin-bottom\">\n\t\t\t\t\n\t\t\t\t\t\t\n\n    \t\t\t\t\t\t\t\t<figure style=\"display:block;\" class=\"relative\">\n\t\t\t\t\t\t\n\t\t\t\t\t\t\n\t\t\t\t\t\t\t<img decoding=\"async\" src=\"https:\/\/www.berlin.arbeitundleben.de\/eduklima\/wp-content\/uploads\/2024\/01\/vorschau_usta-420x420.jpg\"\n\t\t\t\t\t\t\t\tsrcset=\"https:\/\/www.berlin.arbeitundleben.de\/eduklima\/wp-content\/uploads\/2024\/01\/vorschau_usta-540x540.jpg 2x,\n\t\t\t\t\t\t\t\t\t   https:\/\/www.berlin.arbeitundleben.de\/eduklima\/wp-content\/uploads\/2024\/01\/vorschau_usta-420x420.jpg 1x\"\n\t\t\t\t\t\t\t\talt=\"\" \n\t\t\t\t\t\t\t\t\t\t\t\t\t\t\t\t\twidth=\"1280\"\n\t\t\t\t\t\t\t\t\theight=\"1280\"\n\t\t\t\t\t\t\t\t\tloading=\"lazy\"\n\t\t\t\t\t\t\t\t\t\t\t\t\t\t\t\tclass=\"one-whole\" \/>\n\n\t\t\t\t\t\t\n\t\t\t\t\t\t\n\t\t\t\t\t\t\t\t\t\t\t\t\n\t\t\t\t\t\t                            <figcaption style=\"color:#FFF;color:#FFF;position:absolute;bottom:0.25rem;right:0.5rem;font-size:0.55rem;text-shadow:0 1px 2px rgba(0,0,0,0.4);\">\n                                &copy; KI generiert                            <\/figcaption>\n                        \t\t\t\t\t\t\n\t\t\t\t\t<\/figure>\n\t    \t\t\n\t    \t\t\n    \t\t<\/div>\n    \t\t<div class=\"flex__item three-quarters sm-one-half xs-one-whole\">\n    \t\t\t<p class=\"text--bigger\"><strong>Personen aus dem Berufsfeld Naturwissenschaften<\/strong> sind Fachkr\u00e4fte, die zum Beispiel in Laboren und Feldstudien arbeiten, um Umweltproben zu sammeln und zu analysieren. Diese Analyse unterst\u00fctzt bei der \u00dcberwachung von Umweltauswirkungen und der Entwicklung von Strategien zur Umweltschonung. So tragen zum Beispiel Umweltschutztechnische Assistent*innen dazu bei, Umweltauswirkungen zu quantifizieren und Ma\u00dfnahmen zur Minimierung von sch\u00e4dlichen Effekten zu entwickeln.<\/p>\n<p class=\"text--bigger\">\n    \t\t<\/div>\n    \t<\/div>\n\n\t<\/div>\n\n<\/div>\n\n <div class=\"block block--text  margin-bottom--big\" id=\"block_606605b76247e2b73b7982b936e8df8f\" data-id=\"\">\n\n\n\t<div class=\"container normal\">\n\n\t\t<p class=\"text--bigger\">Insgesamt tragen Klimaberufe dazu bei, die Herausforderungen des Klimawandels anzugehen und nachhaltige Praktiken in verschiedenen Sektoren zu implementieren. Diese Berufe sind von entscheidender Bedeutung, um eine nachhaltige Zukunft zu gestalten und die Umweltauswirkungen zu minimieren.<\/p>\n\n\t<\/div>\n\n<\/div>","protected":false},"excerpt":{"rendered":"","protected":false},"author":2,"featured_media":0,"parent":0,"menu_order":0,"comment_status":"closed","ping_status":"closed","template":"","meta":{"_acf_changed":false,"footnotes":""},"class_list":["post-388","page","type-page","status-publish","hentry"],"acf":[],"yoast_head":"<!-- This site is optimized with the Yoast SEO plugin v26.1.1 - https:\/\/yoast.com\/wordpress\/plugins\/seo\/ -->\n<title>Klimaberufe - Eduklima<\/title>\n<meta name=\"robots\" content=\"index, follow, max-snippet:-1, max-image-preview:large, max-video-preview:-1\" \/>\n<link rel=\"canonical\" href=\"https:\/\/www.berlin.arbeitundleben.de\/eduklima\/klimaberufe\/\" \/>\n<meta property=\"og:locale\" content=\"de_DE\" \/>\n<meta property=\"og:type\" content=\"article\" \/>\n<meta property=\"og:title\" content=\"Klimaberufe - Eduklima\" \/>\n<meta property=\"og:url\" content=\"https:\/\/www.berlin.arbeitundleben.de\/eduklima\/klimaberufe\/\" \/>\n<meta property=\"og:site_name\" content=\"Eduklima\" \/>\n<meta property=\"article:modified_time\" content=\"2025-04-24T03:33:42+00:00\" \/>\n<meta name=\"twitter:card\" content=\"summary_large_image\" \/>\n<script type=\"application\/ld+json\" class=\"yoast-schema-graph\">{\"@context\":\"https:\/\/schema.org\",\"@graph\":[{\"@type\":\"WebPage\",\"@id\":\"https:\/\/www.berlin.arbeitundleben.de\/eduklima\/klimaberufe\/\",\"url\":\"https:\/\/www.berlin.arbeitundleben.de\/eduklima\/klimaberufe\/\",\"name\":\"Klimaberufe - Eduklima\",\"isPartOf\":{\"@id\":\"https:\/\/www.berlin.arbeitundleben.de\/eduklima\/#website\"},\"datePublished\":\"2024-01-12T10:39:16+00:00\",\"dateModified\":\"2025-04-24T03:33:42+00:00\",\"breadcrumb\":{\"@id\":\"https:\/\/www.berlin.arbeitundleben.de\/eduklima\/klimaberufe\/#breadcrumb\"},\"inLanguage\":\"de\",\"potentialAction\":[{\"@type\":\"ReadAction\",\"target\":[\"https:\/\/www.berlin.arbeitundleben.de\/eduklima\/klimaberufe\/\"]}]},{\"@type\":\"BreadcrumbList\",\"@id\":\"https:\/\/www.berlin.arbeitundleben.de\/eduklima\/klimaberufe\/#breadcrumb\",\"itemListElement\":[{\"@type\":\"ListItem\",\"position\":1,\"name\":\"Startseite\",\"item\":\"https:\/\/www.berlin.arbeitundleben.de\/eduklima\/\"},{\"@type\":\"ListItem\",\"position\":2,\"name\":\"Klimaberufe\"}]},{\"@type\":\"WebSite\",\"@id\":\"https:\/\/www.berlin.arbeitundleben.de\/eduklima\/#website\",\"url\":\"https:\/\/www.berlin.arbeitundleben.de\/eduklima\/\",\"name\":\"Eduklima\",\"description\":\"\",\"publisher\":{\"@id\":\"https:\/\/www.berlin.arbeitundleben.de\/eduklima\/#organization\"},\"potentialAction\":[{\"@type\":\"SearchAction\",\"target\":{\"@type\":\"EntryPoint\",\"urlTemplate\":\"https:\/\/www.berlin.arbeitundleben.de\/eduklima\/?s={search_term_string}\"},\"query-input\":{\"@type\":\"PropertyValueSpecification\",\"valueRequired\":true,\"valueName\":\"search_term_string\"}}],\"inLanguage\":\"de\"},{\"@type\":\"Organization\",\"@id\":\"https:\/\/www.berlin.arbeitundleben.de\/eduklima\/#organization\",\"name\":\"Eduklima\",\"url\":\"https:\/\/www.berlin.arbeitundleben.de\/eduklima\/\",\"logo\":{\"@type\":\"ImageObject\",\"inLanguage\":\"de\",\"@id\":\"https:\/\/www.berlin.arbeitundleben.de\/eduklima\/#\/schema\/logo\/image\/\",\"url\":\"https:\/\/www.berlin.arbeitundleben.de\/eduklima\/wp-content\/uploads\/2023\/11\/aul-logo.png\",\"contentUrl\":\"https:\/\/www.berlin.arbeitundleben.de\/eduklima\/wp-content\/uploads\/2023\/11\/aul-logo.png\",\"width\":378,\"height\":183,\"caption\":\"Eduklima\"},\"image\":{\"@id\":\"https:\/\/www.berlin.arbeitundleben.de\/eduklima\/#\/schema\/logo\/image\/\"}}]}<\/script>\n<!-- \/ Yoast SEO plugin. -->","yoast_head_json":{"title":"Klimaberufe - Eduklima","robots":{"index":"index","follow":"follow","max-snippet":"max-snippet:-1","max-image-preview":"max-image-preview:large","max-video-preview":"max-video-preview:-1"},"canonical":"https:\/\/www.berlin.arbeitundleben.de\/eduklima\/klimaberufe\/","og_locale":"de_DE","og_type":"article","og_title":"Klimaberufe - Eduklima","og_url":"https:\/\/www.berlin.arbeitundleben.de\/eduklima\/klimaberufe\/","og_site_name":"Eduklima","article_modified_time":"2025-04-24T03:33:42+00:00","twitter_card":"summary_large_image","schema":{"@context":"https:\/\/schema.org","@graph":[{"@type":"WebPage","@id":"https:\/\/www.berlin.arbeitundleben.de\/eduklima\/klimaberufe\/","url":"https:\/\/www.berlin.arbeitundleben.de\/eduklima\/klimaberufe\/","name":"Klimaberufe - Eduklima","isPartOf":{"@id":"https:\/\/www.berlin.arbeitundleben.de\/eduklima\/#website"},"datePublished":"2024-01-12T10:39:16+00:00","dateModified":"2025-04-24T03:33:42+00:00","breadcrumb":{"@id":"https:\/\/www.berlin.arbeitundleben.de\/eduklima\/klimaberufe\/#breadcrumb"},"inLanguage":"de","potentialAction":[{"@type":"ReadAction","target":["https:\/\/www.berlin.arbeitundleben.de\/eduklima\/klimaberufe\/"]}]},{"@type":"BreadcrumbList","@id":"https:\/\/www.berlin.arbeitundleben.de\/eduklima\/klimaberufe\/#breadcrumb","itemListElement":[{"@type":"ListItem","position":1,"name":"Startseite","item":"https:\/\/www.berlin.arbeitundleben.de\/eduklima\/"},{"@type":"ListItem","position":2,"name":"Klimaberufe"}]},{"@type":"WebSite","@id":"https:\/\/www.berlin.arbeitundleben.de\/eduklima\/#website","url":"https:\/\/www.berlin.arbeitundleben.de\/eduklima\/","name":"Eduklima","description":"","publisher":{"@id":"https:\/\/www.berlin.arbeitundleben.de\/eduklima\/#organization"},"potentialAction":[{"@type":"SearchAction","target":{"@type":"EntryPoint","urlTemplate":"https:\/\/www.berlin.arbeitundleben.de\/eduklima\/?s={search_term_string}"},"query-input":{"@type":"PropertyValueSpecification","valueRequired":true,"valueName":"search_term_string"}}],"inLanguage":"de"},{"@type":"Organization","@id":"https:\/\/www.berlin.arbeitundleben.de\/eduklima\/#organization","name":"Eduklima","url":"https:\/\/www.berlin.arbeitundleben.de\/eduklima\/","logo":{"@type":"ImageObject","inLanguage":"de","@id":"https:\/\/www.berlin.arbeitundleben.de\/eduklima\/#\/schema\/logo\/image\/","url":"https:\/\/www.berlin.arbeitundleben.de\/eduklima\/wp-content\/uploads\/2023\/11\/aul-logo.png","contentUrl":"https:\/\/www.berlin.arbeitundleben.de\/eduklima\/wp-content\/uploads\/2023\/11\/aul-logo.png","width":378,"height":183,"caption":"Eduklima"},"image":{"@id":"https:\/\/www.berlin.arbeitundleben.de\/eduklima\/#\/schema\/logo\/image\/"}}]}},"_links":{"self":[{"href":"https:\/\/www.berlin.arbeitundleben.de\/eduklima\/wp-json\/wp\/v2\/pages\/388","targetHints":{"allow":["GET"]}}],"collection":[{"href":"https:\/\/www.berlin.arbeitundleben.de\/eduklima\/wp-json\/wp\/v2\/pages"}],"about":[{"href":"https:\/\/www.berlin.arbeitundleben.de\/eduklima\/wp-json\/wp\/v2\/types\/page"}],"author":[{"embeddable":true,"href":"https:\/\/www.berlin.arbeitundleben.de\/eduklima\/wp-json\/wp\/v2\/users\/2"}],"replies":[{"embeddable":true,"href":"https:\/\/www.berlin.arbeitundleben.de\/eduklima\/wp-json\/wp\/v2\/comments?post=388"}],"version-history":[{"count":62,"href":"https:\/\/www.berlin.arbeitundleben.de\/eduklima\/wp-json\/wp\/v2\/pages\/388\/revisions"}],"predecessor-version":[{"id":1200,"href":"https:\/\/www.berlin.arbeitundleben.de\/eduklima\/wp-json\/wp\/v2\/pages\/388\/revisions\/1200"}],"wp:attachment":[{"href":"https:\/\/www.berlin.arbeitundleben.de\/eduklima\/wp-json\/wp\/v2\/media?parent=388"}],"curies":[{"name":"wp","href":"https:\/\/api.w.org\/{rel}","templated":true}]}}