{"id":369,"date":"2024-01-12T11:25:33","date_gmt":"2024-01-12T10:25:33","guid":{"rendered":"https:\/\/www.berlin.arbeitundleben.de\/eduklima\/?page_id=369"},"modified":"2024-07-25T20:32:27","modified_gmt":"2024-07-25T18:32:27","slug":"anmeldung-fuer-schulen","status":"publish","type":"page","link":"https:\/\/www.berlin.arbeitundleben.de\/eduklima\/anmeldung-fuer-schulen\/","title":{"rendered":"Anmeldung f\u00fcr Schulen"},"content":{"rendered":" <div class=\"block block--header \" id=\"block_f9806eabd1b9cf97ebf4f4a33cdf4de0\" data-id=\"\">\n\n\t<header class=\"header--small relative flex flex--middle\">\n\n     \n\t\t\t<img decoding=\"async\" src=\"https:\/\/www.berlin.arbeitundleben.de\/eduklima\/wp-content\/uploads\/2024\/01\/Slider01-1600x667.jpg\"\n\t\t\t\tsrcset=\"https:\/\/www.berlin.arbeitundleben.de\/eduklima\/wp-content\/uploads\/2024\/01\/Slider01.jpg 2400w,\n\t\t\t\t\t\thttps:\/\/www.berlin.arbeitundleben.de\/eduklima\/wp-content\/uploads\/2024\/01\/Slider01.jpg 1920w,\n\t\t\t\t\t\thttps:\/\/www.berlin.arbeitundleben.de\/eduklima\/wp-content\/uploads\/2024\/01\/Slider01-1600x667.jpg 1600w,\n\t\t\t\t\t\thttps:\/\/www.berlin.arbeitundleben.de\/eduklima\/wp-content\/uploads\/2024\/01\/Slider01-1400x583.jpg 1400w,\n\t\t\t\t\t\thttps:\/\/www.berlin.arbeitundleben.de\/eduklima\/wp-content\/uploads\/2024\/01\/Slider01-1200x500.jpg 1200w,\n\t\t\t\t\t\thttps:\/\/www.berlin.arbeitundleben.de\/eduklima\/wp-content\/uploads\/2024\/01\/Slider01-1024x427.jpg 1024w,\n\t\t\t\t\t\thttps:\/\/www.berlin.arbeitundleben.de\/eduklima\/wp-content\/uploads\/2024\/01\/Slider01-800x333.jpg 800w\" \n\t\t\t\tsizes=\"auto, 100vw\" loading=\"lazy\"\n\t\t\t\twidth=\"1920\" height=\"800\"\n\t\t\t\talt=\"\">\n\n\t\t\n        <div class=\"one-whole\">\n            <div class=\"container relative\">\n                <h1>Anmeldung f\u00fcr Schulen<\/h1>\n                            <\/div>\n        <\/div>\n\n    <\/header>\n\n<\/div>\n\n<div class=\"container spacing\"> \n\n    <ul class=\"margin-bottom\" id=\"breadcrumbs\"><li><a href=\"https:\/\/www.berlin.arbeitundleben.de\/eduklima\/\">Startseite<\/a><\/li><\/ul>\n<\/div>\n\n<div class=\"container\"><div class=\"wpforms-container wpforms-render-modern\" id=\"wpforms-275\"><form id=\"wpforms-form-275\" class=\"wpforms-validate wpforms-form wpforms-ajax-form\" data-formid=\"275\" method=\"post\" enctype=\"multipart\/form-data\" action=\"\/eduklima\/wp-json\/wp\/v2\/pages\/369\" data-token=\"7f3b5948198830ac2a69b2d94704426d\" data-token-time=\"1776526505\"><noscript class=\"wpforms-error-noscript\">Bitte aktiviere JavaScript in deinem Browser, um dieses Formular fertigzustellen.<\/noscript><div id=\"wpforms-error-noscript\" style=\"display: none;\">Bitte aktiviere JavaScript in deinem Browser, um dieses Formular fertigzustellen.<\/div><div class=\"wpforms-field-container\"><div id=\"wpforms-275-field_1-container\" class=\"wpforms-field wpforms-field-text\" data-field-id=\"1\"><label class=\"wpforms-field-label wpforms-label-hide\" for=\"wpforms-275-field_1\" aria-hidden=\"false\">Name der Schule <span class=\"wpforms-required-label\" aria-hidden=\"true\">*<\/span><\/label><input type=\"text\" id=\"wpforms-275-field_1\" class=\"wpforms-field-medium wpforms-field-required\" name=\"wpforms[fields][1]\" placeholder=\"Name der Schule\" aria-errormessage=\"wpforms-275-field_1-error\" required><\/div><div id=\"wpforms-275-field_2-container\" class=\"wpforms-field wpforms-field-text wpforms-one-third wpforms-first\" data-field-id=\"2\"><label class=\"wpforms-field-label wpforms-label-hide\" for=\"wpforms-275-field_2\" aria-hidden=\"false\">Vorname <span class=\"wpforms-required-label\" aria-hidden=\"true\">*<\/span><\/label><input type=\"text\" id=\"wpforms-275-field_2\" class=\"wpforms-field-medium wpforms-field-required\" name=\"wpforms[fields][2]\" placeholder=\"Vorname\" aria-errormessage=\"wpforms-275-field_2-error\" required><\/div><div id=\"wpforms-275-field_3-container\" class=\"wpforms-field wpforms-field-text wpforms-one-third\" data-field-id=\"3\"><label class=\"wpforms-field-label wpforms-label-hide\" for=\"wpforms-275-field_3\" aria-hidden=\"false\">Nachname <span class=\"wpforms-required-label\" aria-hidden=\"true\">*<\/span><\/label><input type=\"text\" id=\"wpforms-275-field_3\" class=\"wpforms-field-medium wpforms-field-required\" name=\"wpforms[fields][3]\" placeholder=\"Nachname\" aria-errormessage=\"wpforms-275-field_3-error\" required><\/div><div id=\"wpforms-275-field_4-container\" class=\"wpforms-field wpforms-field-text wpforms-one-third\" data-field-id=\"4\"><label class=\"wpforms-field-label wpforms-label-hide\" for=\"wpforms-275-field_4\" aria-hidden=\"false\">Lehrer*in, Sozialarbeiter*in, BSO Lehrer*in <span class=\"wpforms-required-label\" aria-hidden=\"true\">*<\/span><\/label><input type=\"text\" id=\"wpforms-275-field_4\" class=\"wpforms-field-medium wpforms-field-required\" name=\"wpforms[fields][4]\" placeholder=\"Lehrer*in, Sozialarbeiter*in, BSO Lehrer*in\" aria-errormessage=\"wpforms-275-field_4-error\" required><\/div><div id=\"wpforms-275-field_5-container\" class=\"wpforms-field wpforms-field-text wpforms-one-third wpforms-first\" data-field-id=\"5\"><label class=\"wpforms-field-label wpforms-label-hide\" for=\"wpforms-275-field_5\" aria-hidden=\"false\">Telefonnummer<\/label><input type=\"text\" id=\"wpforms-275-field_5\" class=\"wpforms-field-medium\" name=\"wpforms[fields][5]\" placeholder=\"Telefonnummer\" aria-errormessage=\"wpforms-275-field_5-error\" ><\/div><div id=\"wpforms-275-field_10-container\" class=\"wpforms-field wpforms-field-checkbox\" data-field-id=\"10\"><fieldset><legend class=\"wpforms-field-label\">Veranstaltungsformate<\/legend><ul id=\"wpforms-275-field_10\"><li class=\"choice-1 depth-1\"><input type=\"checkbox\" id=\"wpforms-275-field_10_1\" name=\"wpforms[fields][10][]\" value=\"Eint\u00e4gige Veranstaltung - Klimaberufe praktisch &amp; kompakt\" aria-errormessage=\"wpforms-275-field_10_1-error\" aria-describedby=\"wpforms-275-field_10-description\"  ><label class=\"wpforms-field-label-inline\" for=\"wpforms-275-field_10_1\">Eint\u00e4gige Veranstaltung - Klimaberufe praktisch &amp; kompakt<\/label><\/li><li class=\"choice-2 depth-1\"><input type=\"checkbox\" id=\"wpforms-275-field_10_2\" name=\"wpforms[fields][10][]\" value=\"Zweit\u00e4gige Veranstaltung - Klimaberufe und mein eigener Weg + Betriebsbesichtigung\" aria-errormessage=\"wpforms-275-field_10_2-error\" aria-describedby=\"wpforms-275-field_10-description\"  ><label class=\"wpforms-field-label-inline\" for=\"wpforms-275-field_10_2\">Zweit\u00e4gige Veranstaltung - Klimaberufe und mein eigener Weg + Betriebsbesichtigung<\/label><\/li><li class=\"choice-3 depth-1\"><input type=\"checkbox\" id=\"wpforms-275-field_10_3\" name=\"wpforms[fields][10][]\" value=\"Dreit\u00e4gige Veranstaltung -Klimaberufe und mein Weg zum Beruf - Berufe in Theorie und Praxis kennenlernen\" aria-errormessage=\"wpforms-275-field_10_3-error\" aria-describedby=\"wpforms-275-field_10-description\"  ><label class=\"wpforms-field-label-inline\" for=\"wpforms-275-field_10_3\">Dreit\u00e4gige Veranstaltung -Klimaberufe und mein Weg zum Beruf - Berufe in Theorie und Praxis kennenlernen<\/label><\/li><li class=\"choice-4 depth-1\"><input type=\"checkbox\" id=\"wpforms-275-field_10_4\" name=\"wpforms[fields][10][]\" value=\"Elternveranstaltung\/ Elternabend\/ Elterncafe zum Thema &quot;Berufsorientierung - Eigene Kinder besser unterst\u00fctzen&quot;\" aria-errormessage=\"wpforms-275-field_10_4-error\" aria-describedby=\"wpforms-275-field_10-description\"  ><label class=\"wpforms-field-label-inline\" for=\"wpforms-275-field_10_4\">Elternveranstaltung\/ Elternabend\/ Elterncafe zum Thema \"Berufsorientierung - Eigene Kinder besser unterst\u00fctzen\"<\/label><\/li><\/ul><div id=\"wpforms-275-field_10-description\" class=\"wpforms-field-description\">Die Elternveranstaltung ist nur mit einer eint\u00e4gigen, zweit\u00e4gigen oder dreit\u00e4gigen Veranstaltung w\u00e4hlbar. <\/div><\/fieldset><\/div><div id=\"wpforms-275-field_9-container\" class=\"wpforms-field wpforms-field-textarea\" data-field-id=\"9\"><label class=\"wpforms-field-label\" for=\"wpforms-275-field_9\">Ihr Wunschtermin f\u00fcr die passende Veranstaltung <span class=\"wpforms-required-label\" aria-hidden=\"true\">*<\/span><\/label><textarea id=\"wpforms-275-field_9\" class=\"wpforms-field-medium wpforms-field-required\" name=\"wpforms[fields][9]\" aria-errormessage=\"wpforms-275-field_9-error\" required><\/textarea><\/div><div id=\"wpforms-275-field_7-container\" class=\"wpforms-field wpforms-field-email wpforms-one-third\" data-field-id=\"7\"><label class=\"wpforms-field-label wpforms-label-hide\" for=\"wpforms-275-field_7\" aria-hidden=\"false\">E-Mail-Adresse <span class=\"wpforms-required-label\" aria-hidden=\"true\">*<\/span><\/label><input type=\"email\" id=\"wpforms-275-field_7\" class=\"wpforms-field-medium wpforms-field-required\" name=\"wpforms[fields][7]\" placeholder=\"E-Mail-Adresse\" spellcheck=\"false\" aria-errormessage=\"wpforms-275-field_7-error\" required><\/div><\/div><!-- .wpforms-field-container --><div class=\"wpforms-submit-container\" ><input type=\"hidden\" name=\"wpforms[id]\" value=\"275\"><input type=\"hidden\" name=\"page_title\" value=\"\"><input type=\"hidden\" name=\"page_url\" value=\"https:\/\/www.berlin.arbeitundleben.de\/eduklima\/wp-json\/wp\/v2\/pages\/369\"><input type=\"hidden\" name=\"url_referer\" value=\"\"><button type=\"submit\" name=\"wpforms[submit]\" id=\"wpforms-submit-275\" class=\"wpforms-submit\" data-alt-text=\"Wird gesendet\u00a0\u2026\" data-submit-text=\"Anmelden\" aria-live=\"assertive\" value=\"wpforms-submit\">Anmelden<\/button><img loading=\"lazy\" decoding=\"async\" src=\"https:\/\/www.berlin.arbeitundleben.de\/eduklima\/wp-content\/plugins\/wpforms-lite\/assets\/images\/submit-spin.svg\" class=\"wpforms-submit-spinner\" style=\"display: none;\" width=\"26\" height=\"26\" alt=\"Wird geladen\"><\/div><\/form><\/div>  <!-- .wpforms-container -->\n<\/div>\n\n\n<br><br>\n\n\n <div class=\"block block--team  margin-bottom--big\" id=\"block_a69994e20130bfafc66cac183cb473d4\" data-id=\"\">\n\n\n\t<div class=\"container\">\n\n\t\t<div class=\"flex flexgrid--narrow flex--wrap flex--center\">\n\n                            \n                    <div class=\"flex__item one-quarter content-one-third tablet-one-half md-one-whole\">\n                        <div class=\"person\">\n                            <img decoding=\"async\" src=\"https:\/\/www.berlin.arbeitundleben.de\/eduklima\/wp-content\/uploads\/2024\/04\/Personalfoto_AuLBB_Diana_extern-320x480-1.jpg\"\n                                srcset=\"https:\/\/www.berlin.arbeitundleben.de\/eduklima\/wp-content\/uploads\/2024\/04\/Personalfoto_AuLBB_Diana_extern-320x480-1.jpg 2x,\n                                        https:\/\/www.berlin.arbeitundleben.de\/eduklima\/wp-content\/uploads\/2024\/04\/Personalfoto_AuLBB_Diana_extern-320x480-1.jpg 1x\"\n                                alt=\"Diana \">\n                            <div class=\"name\">\n                                                                    <span>Diana <\/span><br\/><span>Woltersdorf<\/span>\n                                                            <\/div>\n                            <div class=\"overlay flex flex--middle\">\n                                <div class=\"one-whole\">\n                                    <h4 class=\"epsilon\">\n                                        Diana <br\/>\n                                        Woltersdorf                                    <\/h4>\n                                    <p>Projektleitung<\/p>\n                                    <p>\n                                                                                    <a href=\"tel:030513019260\">\n                                                030 \/ 5130 192-60                                            <\/a><br\/>\n                                                                                                                            <a href=\"mailto:woltersdorf@berlin.arbeitundleben.de\">\n                                                woltersdorf@<wbr>berlin.<wbr>arbeitundleben.de                                            <\/a>\n                                                                            <\/p>\n                                <\/div>\n                            <\/div>\n                        <\/div>\n                    <\/div>\n\n                            \n        <\/div>\n\n    <\/div>\n\n<\/div>\n\n <div class=\"block block--info-grid bg--red relative  none\" id=\"block_73eaf31e0f6fd21c4d89d91957027558\" data-id=\"\">\n\n\n\t<div class=\"container relative\">\n\t\t<h2 class=\"text--center\">Informationen f\u00fcr Schulen<\/h2>\n\n        <div class=\"flex flexgrid--narrow flex--wrap am_3\">\n\n                            \n                    <div class=\"flex__item\">\n                        <a href=\"https:\/\/www.berlin.arbeitundleben.de\/eduklima\/wp-content\/uploads\/2024\/07\/AuL_eduKlima_Schulen2024.pdf\" target=\"_blank\">\n                            <div class=\"object-fit\">\n                                \n                                    \n                                        <img decoding=\"async\" src=\"https:\/\/www.berlin.arbeitundleben.de\/eduklima\/wp-content\/uploads\/2024\/07\/Slider09-800x333.jpg\"\n                                            srcset=\"https:\/\/www.berlin.arbeitundleben.de\/eduklima\/wp-content\/uploads\/2024\/07\/Slider09-800x333.jpg 2x,\n                                                    https:\/\/www.berlin.arbeitundleben.de\/eduklima\/wp-content\/uploads\/2024\/07\/Slider09-420x175.jpg 1x\" \n                                            alt=\"Berufe f\u00fcr die Zukunft Berufsorientierung neu denken.\" loading=\"lazy\" \/>\n\n                                    \n                                                                                                <\/div>\n                            <div class=\"bottom\">\n                                Berufe f\u00fcr die Zukunft Berufsorientierung neu denken.                            <\/div>\n                        <\/a>\n                    <\/div>\n\n                \n            \n\t\t<\/div>\n\n\t<\/div>\n\n<\/div>","protected":false},"excerpt":{"rendered":"","protected":false},"author":2,"featured_media":0,"parent":0,"menu_order":0,"comment_status":"closed","ping_status":"closed","template":"","meta":{"_acf_changed":false,"footnotes":""},"class_list":["post-369","page","type-page","status-publish","hentry"],"acf":[],"yoast_head":"<!-- This site is optimized with the Yoast SEO plugin v26.1.1 - https:\/\/yoast.com\/wordpress\/plugins\/seo\/ -->\n<title>Anmeldung f\u00fcr Schulen - Eduklima<\/title>\n<meta name=\"robots\" content=\"index, follow, max-snippet:-1, max-image-preview:large, max-video-preview:-1\" \/>\n<link rel=\"canonical\" href=\"https:\/\/www.berlin.arbeitundleben.de\/eduklima\/anmeldung-fuer-schulen\/\" \/>\n<meta property=\"og:locale\" content=\"de_DE\" \/>\n<meta property=\"og:type\" content=\"article\" \/>\n<meta property=\"og:title\" content=\"Anmeldung f\u00fcr Schulen - Eduklima\" \/>\n<meta property=\"og:url\" content=\"https:\/\/www.berlin.arbeitundleben.de\/eduklima\/anmeldung-fuer-schulen\/\" \/>\n<meta property=\"og:site_name\" content=\"Eduklima\" \/>\n<meta property=\"article:modified_time\" content=\"2024-07-25T18:32:27+00:00\" \/>\n<meta name=\"twitter:card\" content=\"summary_large_image\" \/>\n<meta name=\"twitter:label1\" content=\"Gesch\u00e4tzte Lesezeit\" \/>\n\t<meta name=\"twitter:data1\" content=\"1\u00a0Minute\" \/>\n<script type=\"application\/ld+json\" class=\"yoast-schema-graph\">{\"@context\":\"https:\/\/schema.org\",\"@graph\":[{\"@type\":\"WebPage\",\"@id\":\"https:\/\/www.berlin.arbeitundleben.de\/eduklima\/anmeldung-fuer-schulen\/\",\"url\":\"https:\/\/www.berlin.arbeitundleben.de\/eduklima\/anmeldung-fuer-schulen\/\",\"name\":\"Anmeldung f\u00fcr Schulen - Eduklima\",\"isPartOf\":{\"@id\":\"https:\/\/www.berlin.arbeitundleben.de\/eduklima\/#website\"},\"datePublished\":\"2024-01-12T10:25:33+00:00\",\"dateModified\":\"2024-07-25T18:32:27+00:00\",\"breadcrumb\":{\"@id\":\"https:\/\/www.berlin.arbeitundleben.de\/eduklima\/anmeldung-fuer-schulen\/#breadcrumb\"},\"inLanguage\":\"de\",\"potentialAction\":[{\"@type\":\"ReadAction\",\"target\":[\"https:\/\/www.berlin.arbeitundleben.de\/eduklima\/anmeldung-fuer-schulen\/\"]}]},{\"@type\":\"BreadcrumbList\",\"@id\":\"https:\/\/www.berlin.arbeitundleben.de\/eduklima\/anmeldung-fuer-schulen\/#breadcrumb\",\"itemListElement\":[{\"@type\":\"ListItem\",\"position\":1,\"name\":\"Startseite\",\"item\":\"https:\/\/www.berlin.arbeitundleben.de\/eduklima\/\"},{\"@type\":\"ListItem\",\"position\":2,\"name\":\"Anmeldung f\u00fcr Schulen\"}]},{\"@type\":\"WebSite\",\"@id\":\"https:\/\/www.berlin.arbeitundleben.de\/eduklima\/#website\",\"url\":\"https:\/\/www.berlin.arbeitundleben.de\/eduklima\/\",\"name\":\"Eduklima\",\"description\":\"\",\"publisher\":{\"@id\":\"https:\/\/www.berlin.arbeitundleben.de\/eduklima\/#organization\"},\"potentialAction\":[{\"@type\":\"SearchAction\",\"target\":{\"@type\":\"EntryPoint\",\"urlTemplate\":\"https:\/\/www.berlin.arbeitundleben.de\/eduklima\/?s={search_term_string}\"},\"query-input\":{\"@type\":\"PropertyValueSpecification\",\"valueRequired\":true,\"valueName\":\"search_term_string\"}}],\"inLanguage\":\"de\"},{\"@type\":\"Organization\",\"@id\":\"https:\/\/www.berlin.arbeitundleben.de\/eduklima\/#organization\",\"name\":\"Eduklima\",\"url\":\"https:\/\/www.berlin.arbeitundleben.de\/eduklima\/\",\"logo\":{\"@type\":\"ImageObject\",\"inLanguage\":\"de\",\"@id\":\"https:\/\/www.berlin.arbeitundleben.de\/eduklima\/#\/schema\/logo\/image\/\",\"url\":\"https:\/\/www.berlin.arbeitundleben.de\/eduklima\/wp-content\/uploads\/2023\/11\/aul-logo.png\",\"contentUrl\":\"https:\/\/www.berlin.arbeitundleben.de\/eduklima\/wp-content\/uploads\/2023\/11\/aul-logo.png\",\"width\":378,\"height\":183,\"caption\":\"Eduklima\"},\"image\":{\"@id\":\"https:\/\/www.berlin.arbeitundleben.de\/eduklima\/#\/schema\/logo\/image\/\"}}]}<\/script>\n<!-- \/ Yoast SEO plugin. -->","yoast_head_json":{"title":"Anmeldung f\u00fcr Schulen - Eduklima","robots":{"index":"index","follow":"follow","max-snippet":"max-snippet:-1","max-image-preview":"max-image-preview:large","max-video-preview":"max-video-preview:-1"},"canonical":"https:\/\/www.berlin.arbeitundleben.de\/eduklima\/anmeldung-fuer-schulen\/","og_locale":"de_DE","og_type":"article","og_title":"Anmeldung f\u00fcr Schulen - Eduklima","og_url":"https:\/\/www.berlin.arbeitundleben.de\/eduklima\/anmeldung-fuer-schulen\/","og_site_name":"Eduklima","article_modified_time":"2024-07-25T18:32:27+00:00","twitter_card":"summary_large_image","twitter_misc":{"Gesch\u00e4tzte Lesezeit":"1\u00a0Minute"},"schema":{"@context":"https:\/\/schema.org","@graph":[{"@type":"WebPage","@id":"https:\/\/www.berlin.arbeitundleben.de\/eduklima\/anmeldung-fuer-schulen\/","url":"https:\/\/www.berlin.arbeitundleben.de\/eduklima\/anmeldung-fuer-schulen\/","name":"Anmeldung f\u00fcr Schulen - Eduklima","isPartOf":{"@id":"https:\/\/www.berlin.arbeitundleben.de\/eduklima\/#website"},"datePublished":"2024-01-12T10:25:33+00:00","dateModified":"2024-07-25T18:32:27+00:00","breadcrumb":{"@id":"https:\/\/www.berlin.arbeitundleben.de\/eduklima\/anmeldung-fuer-schulen\/#breadcrumb"},"inLanguage":"de","potentialAction":[{"@type":"ReadAction","target":["https:\/\/www.berlin.arbeitundleben.de\/eduklima\/anmeldung-fuer-schulen\/"]}]},{"@type":"BreadcrumbList","@id":"https:\/\/www.berlin.arbeitundleben.de\/eduklima\/anmeldung-fuer-schulen\/#breadcrumb","itemListElement":[{"@type":"ListItem","position":1,"name":"Startseite","item":"https:\/\/www.berlin.arbeitundleben.de\/eduklima\/"},{"@type":"ListItem","position":2,"name":"Anmeldung f\u00fcr Schulen"}]},{"@type":"WebSite","@id":"https:\/\/www.berlin.arbeitundleben.de\/eduklima\/#website","url":"https:\/\/www.berlin.arbeitundleben.de\/eduklima\/","name":"Eduklima","description":"","publisher":{"@id":"https:\/\/www.berlin.arbeitundleben.de\/eduklima\/#organization"},"potentialAction":[{"@type":"SearchAction","target":{"@type":"EntryPoint","urlTemplate":"https:\/\/www.berlin.arbeitundleben.de\/eduklima\/?s={search_term_string}"},"query-input":{"@type":"PropertyValueSpecification","valueRequired":true,"valueName":"search_term_string"}}],"inLanguage":"de"},{"@type":"Organization","@id":"https:\/\/www.berlin.arbeitundleben.de\/eduklima\/#organization","name":"Eduklima","url":"https:\/\/www.berlin.arbeitundleben.de\/eduklima\/","logo":{"@type":"ImageObject","inLanguage":"de","@id":"https:\/\/www.berlin.arbeitundleben.de\/eduklima\/#\/schema\/logo\/image\/","url":"https:\/\/www.berlin.arbeitundleben.de\/eduklima\/wp-content\/uploads\/2023\/11\/aul-logo.png","contentUrl":"https:\/\/www.berlin.arbeitundleben.de\/eduklima\/wp-content\/uploads\/2023\/11\/aul-logo.png","width":378,"height":183,"caption":"Eduklima"},"image":{"@id":"https:\/\/www.berlin.arbeitundleben.de\/eduklima\/#\/schema\/logo\/image\/"}}]}},"_links":{"self":[{"href":"https:\/\/www.berlin.arbeitundleben.de\/eduklima\/wp-json\/wp\/v2\/pages\/369","targetHints":{"allow":["GET"]}}],"collection":[{"href":"https:\/\/www.berlin.arbeitundleben.de\/eduklima\/wp-json\/wp\/v2\/pages"}],"about":[{"href":"https:\/\/www.berlin.arbeitundleben.de\/eduklima\/wp-json\/wp\/v2\/types\/page"}],"author":[{"embeddable":true,"href":"https:\/\/www.berlin.arbeitundleben.de\/eduklima\/wp-json\/wp\/v2\/users\/2"}],"replies":[{"embeddable":true,"href":"https:\/\/www.berlin.arbeitundleben.de\/eduklima\/wp-json\/wp\/v2\/comments?post=369"}],"version-history":[{"count":19,"href":"https:\/\/www.berlin.arbeitundleben.de\/eduklima\/wp-json\/wp\/v2\/pages\/369\/revisions"}],"predecessor-version":[{"id":1129,"href":"https:\/\/www.berlin.arbeitundleben.de\/eduklima\/wp-json\/wp\/v2\/pages\/369\/revisions\/1129"}],"wp:attachment":[{"href":"https:\/\/www.berlin.arbeitundleben.de\/eduklima\/wp-json\/wp\/v2\/media?parent=369"}],"curies":[{"name":"wp","href":"https:\/\/api.w.org\/{rel}","templated":true}]}}