{"id":1343,"date":"2025-11-07T13:43:50","date_gmt":"2025-11-07T12:43:50","guid":{"rendered":"https:\/\/www.berlin.arbeitundleben.de\/eduklima\/?page_id=1343"},"modified":"2026-01-13T15:36:40","modified_gmt":"2026-01-13T14:36:40","slug":"digitale-lerntools","status":"publish","type":"page","link":"https:\/\/www.berlin.arbeitundleben.de\/eduklima\/digitale-lerntools\/","title":{"rendered":"Digitale Lerntools"},"content":{"rendered":" <div class=\"block block--header \" id=\"block_c84399302b1ce014855b1b189e027706\" data-id=\"\">\n\n\t<header class=\"header--small relative flex flex--middle\">\n\n     \n\t\t\t<img decoding=\"async\" src=\"https:\/\/www.berlin.arbeitundleben.de\/eduklima\/wp-content\/uploads\/2023\/12\/header_allgemein_blau-1600x289.jpg\"\n\t\t\t\tsrcset=\"https:\/\/www.berlin.arbeitundleben.de\/eduklima\/wp-content\/uploads\/2023\/12\/header_allgemein_blau.jpg 2400w,\n\t\t\t\t\t\thttps:\/\/www.berlin.arbeitundleben.de\/eduklima\/wp-content\/uploads\/2023\/12\/header_allgemein_blau.jpg 1920w,\n\t\t\t\t\t\thttps:\/\/www.berlin.arbeitundleben.de\/eduklima\/wp-content\/uploads\/2023\/12\/header_allgemein_blau-1600x289.jpg 1600w,\n\t\t\t\t\t\thttps:\/\/www.berlin.arbeitundleben.de\/eduklima\/wp-content\/uploads\/2023\/12\/header_allgemein_blau-1400x253.jpg 1400w,\n\t\t\t\t\t\thttps:\/\/www.berlin.arbeitundleben.de\/eduklima\/wp-content\/uploads\/2023\/12\/header_allgemein_blau-1200x217.jpg 1200w,\n\t\t\t\t\t\thttps:\/\/www.berlin.arbeitundleben.de\/eduklima\/wp-content\/uploads\/2023\/12\/header_allgemein_blau-1024x185.jpg 1024w,\n\t\t\t\t\t\thttps:\/\/www.berlin.arbeitundleben.de\/eduklima\/wp-content\/uploads\/2023\/12\/header_allgemein_blau-800x145.jpg 800w\" \n\t\t\t\tsizes=\"auto, 100vw\" loading=\"lazy\"\n\t\t\t\twidth=\"1903\" height=\"344\"\n\t\t\t\talt=\"\">\n\n\t\t\n        <div class=\"one-whole\">\n            <div class=\"container relative\">\n                <h1>Digitale Lerntools<\/h1>\n                            <\/div>\n        <\/div>\n\n    <\/header>\n\n<\/div>\n\n<div class=\"container spacing\"> \n\n    <ul class=\"margin-bottom\" id=\"breadcrumbs\"><li><a href=\"https:\/\/www.berlin.arbeitundleben.de\/eduklima\/\">Startseite<\/a><\/li><\/ul>\n<\/div>\n\n <div class=\"block block--text  margin-bottom--big\" id=\"block_e737cc470442dd794edeff438548a146\" data-id=\"\">\n\n\n\t<div class=\"container container--small\">\n\n\t\t<h2><strong>Lernpfade, Lernlandkarten und Digitale \u00dcbungen<\/strong><\/h2>\n<p class=\"text--med\">Eine weitere g\u00fcnstige, wenn auch etwas aufwendigere Vermittlung von Lerninhalten, zum Beispiel \u00fcber Quizze oder andere digitale \u00dcbungen, bietet H5P. Es handelt sich dabei um eine kostenfreie Oberfl\u00e4che, welche, eingebunden in Moodle, WordPress oder andere Lernmanagementsysteme, genutzt werden kann. Es ist allerdings auch m\u00f6glich, mithilfe des Programms Lumi reine Offline-\u00dcbungen durch die Ausgabe als HTML zu erstellen. Es lassen sich hiermit strukturierte Lernpfade erstellen, die in einem Lernmanagementsystem (LMS) sogar als \u00dcbung mit Ergebnissicherung eingesetzt werden k\u00f6nnen.<\/p>\n<p class=\"text--med\">Bei den eduKlima-Projektwochen wurden die H5P-\u00dcbungen dazu genutzt, die zu den praktischen \u00dcbungen dazugeh\u00f6rigen Berufsfelder zu vertiefen, um weiteres Wissen zu erlangen und diese Informationen auf passenden Arbeitsbl\u00e4ttern festzuhalten. Somit schafft man eine gute Zusammenarbeit zwischen modernen Lernm\u00f6glichkeiten, ohne dabei auf klassische Formen des Lernens und Vertiefens zu verzichten.<\/p>\n<p class=\"text--med\">Die Wissensvermittlung kann dabei selbst gestaltet werden. So kann der Schwerpunkt auf einer reinen Abfrage liegen oder eher spielerisch durch Quizze und andere spielerische \u00dcbungen wie Memorys. Es k\u00f6nnen Videos eingebunden und diese interaktiv eingesetzt werden. Dabei ist es auch m\u00f6glich, den Schwerpunkt auf Storytelling zu legen und mithilfe verschiedener \u00dcbungen und Inputs eine Geschichte zu erz\u00e4hlen, \u00fcber die Wissen vermittelt wird.<\/p>\n<p class=\"text--med\">Dabei eignen sich kostenfreie Tools wie H5P oder Moodle, aber auch kommerziellere Anbieter wie IMC-Express. Diese bieten neben den digitalen \u00dcbungen auch eine Sprachausgabe, sodass Lerninhalte auch durch Sprache vermittelt werden k\u00f6nnen. Bei der Erstellung von Inhalten kann dar\u00fcber hinaus mit der internen KI zusammengearbeitet oder Bilder in der eigenen Bilddatenbank genutzt werden.<\/p>\n<p class=\"text--med\">Mithilfe dieser digitalen \u00dcbungen k\u00f6nnen Unternehmen spielerisch und abwechslungsreich ihr Unternehmen vorstellen und Zugang schaffen zu Arbeitspl\u00e4tzen, die eventuell gar nicht zug\u00e4nglich w\u00e4ren. Somit kann man motivierende und praxisnahe Einblicke in die Unternehmen der Klima- und Energiebranche gew\u00e4hren. Die Sch\u00fcler*innen k\u00f6nnen dabei niedrigschwellig angesprochen werden und den Einstieg in das Unternehmen erleichtern.<br \/>\nIm Bereich des Storytellings k\u00f6nnten diese Tools genutzt werden, einen Beruf und ein Unternehmen aus einer ganz pers\u00f6nlichen Perspektive darzustellen und diese mit \u00dcbungen und Abfragen immer wieder zur aktiven Teilnahme aufzurufen. Es k\u00f6nnen konkrete Aufgaben und deren Wirkungen beschrieben und gezeigt und die Sch\u00fcler*innen interaktiv in die L\u00f6sung von Aufgaben eingebunden werden.<\/p>\n<p class=\"text--med\">Insgesamt erm\u00f6glichen digitale Werkzeuge wie H5P, Moodle oder IMC-Express, Sch\u00fcler*innen niedrigschwellig, spielerisch, interaktiv und motivierend abzuholen und so Interesse f\u00fcr Berufe, Berufsfelder und Branchen zu wecken.<\/p>\n<p class=\"text--med\">Die hier gezeigten Beispiele vertiefen die Berufsfelder Elektro, Bau, Architektur &amp; Vermessung, Naturwissenschaften und IT &amp; Computer. Sie k\u00f6nnen mit der <strong>&#8222;reuse&#8220;<\/strong> Funktion heruntergeladen und somit weiterverarbeitet werden.<\/p>\n\n\t<\/div>\n\n<\/div>\n\n <div class=\"block block--text  margin-bottom--big\" id=\"block_ba9368f650c4ce9c4d079aa4ccb383d9\" data-id=\"\">\n\n\n\t<div class=\"container normal\">\n\n\t\t<div style=\"width: 40%; height: 40%; max-width: 100%; overflow: auto; box-sizing: border-box; border: 1px solid #ddd; border-radius: 8px; background: #fff;\"><div class=\"h5p-iframe-wrapper\"><iframe id=\"h5p-iframe-111\" class=\"h5p-iframe\" data-content-id=\"111\" style=\"height:1px\" src=\"about:blank\" frameBorder=\"0\" scrolling=\"no\" title=\"Berufsfeld - Elektro\"><\/iframe><\/div><\/div>\n\n\t<\/div>\n\n<\/div>\n\n<div class=\"container\"><div class=\"h5p-iframe-wrapper\"><iframe id=\"h5p-iframe-111\" class=\"h5p-iframe\" data-content-id=\"111\" style=\"height:1px\" src=\"about:blank\" frameBorder=\"0\" scrolling=\"no\" title=\"Berufsfeld - Elektro\"><\/iframe><\/div>\n<div class=\"h5p-iframe-wrapper\"><iframe id=\"h5p-iframe-110\" class=\"h5p-iframe\" data-content-id=\"110\" style=\"height:1px\" src=\"about:blank\" frameBorder=\"0\" scrolling=\"no\" title=\"Berufsfeld - Bau, Architektur, Vermessung\"><\/iframe><\/div>\n<div class=\"h5p-iframe-wrapper\"><iframe id=\"h5p-iframe-112\" class=\"h5p-iframe\" data-content-id=\"112\" style=\"height:1px\" src=\"about:blank\" frameBorder=\"0\" scrolling=\"no\" title=\"Berufsfeld - IT, Computer\"><\/iframe><\/div>\n<div class=\"h5p-iframe-wrapper\"><iframe id=\"h5p-iframe-113\" class=\"h5p-iframe\" data-content-id=\"113\" style=\"height:1px\" src=\"about:blank\" frameBorder=\"0\" scrolling=\"no\" title=\"Berufsfeld - Naturwissenschaften\"><\/iframe><\/div>\n<\/div>","protected":false},"excerpt":{"rendered":"","protected":false},"author":2,"featured_media":0,"parent":0,"menu_order":0,"comment_status":"closed","ping_status":"closed","template":"","meta":{"_acf_changed":false,"footnotes":""},"class_list":["post-1343","page","type-page","status-publish","hentry"],"acf":[],"yoast_head":"<!-- This site is optimized with the Yoast SEO plugin v26.1.1 - https:\/\/yoast.com\/wordpress\/plugins\/seo\/ -->\n<title>Digitale Lerntools - Eduklima<\/title>\n<meta name=\"robots\" content=\"index, follow, max-snippet:-1, max-image-preview:large, max-video-preview:-1\" \/>\n<link rel=\"canonical\" href=\"https:\/\/www.berlin.arbeitundleben.de\/eduklima\/digitale-lerntools\/\" \/>\n<meta property=\"og:locale\" content=\"de_DE\" \/>\n<meta property=\"og:type\" content=\"article\" \/>\n<meta property=\"og:title\" content=\"Digitale Lerntools - Eduklima\" \/>\n<meta property=\"og:url\" content=\"https:\/\/www.berlin.arbeitundleben.de\/eduklima\/digitale-lerntools\/\" \/>\n<meta property=\"og:site_name\" content=\"Eduklima\" \/>\n<meta property=\"article:modified_time\" content=\"2026-01-13T14:36:40+00:00\" \/>\n<meta name=\"twitter:card\" content=\"summary_large_image\" \/>\n<meta name=\"twitter:label1\" content=\"Gesch\u00e4tzte Lesezeit\" \/>\n\t<meta name=\"twitter:data1\" content=\"1\u00a0Minute\" \/>\n<script type=\"application\/ld+json\" class=\"yoast-schema-graph\">{\"@context\":\"https:\/\/schema.org\",\"@graph\":[{\"@type\":\"WebPage\",\"@id\":\"https:\/\/www.berlin.arbeitundleben.de\/eduklima\/digitale-lerntools\/\",\"url\":\"https:\/\/www.berlin.arbeitundleben.de\/eduklima\/digitale-lerntools\/\",\"name\":\"Digitale Lerntools - Eduklima\",\"isPartOf\":{\"@id\":\"https:\/\/www.berlin.arbeitundleben.de\/eduklima\/#website\"},\"datePublished\":\"2025-11-07T12:43:50+00:00\",\"dateModified\":\"2026-01-13T14:36:40+00:00\",\"breadcrumb\":{\"@id\":\"https:\/\/www.berlin.arbeitundleben.de\/eduklima\/digitale-lerntools\/#breadcrumb\"},\"inLanguage\":\"de\",\"potentialAction\":[{\"@type\":\"ReadAction\",\"target\":[\"https:\/\/www.berlin.arbeitundleben.de\/eduklima\/digitale-lerntools\/\"]}]},{\"@type\":\"BreadcrumbList\",\"@id\":\"https:\/\/www.berlin.arbeitundleben.de\/eduklima\/digitale-lerntools\/#breadcrumb\",\"itemListElement\":[{\"@type\":\"ListItem\",\"position\":1,\"name\":\"Startseite\",\"item\":\"https:\/\/www.berlin.arbeitundleben.de\/eduklima\/\"},{\"@type\":\"ListItem\",\"position\":2,\"name\":\"Digitale Lerntools\"}]},{\"@type\":\"WebSite\",\"@id\":\"https:\/\/www.berlin.arbeitundleben.de\/eduklima\/#website\",\"url\":\"https:\/\/www.berlin.arbeitundleben.de\/eduklima\/\",\"name\":\"Eduklima\",\"description\":\"\",\"publisher\":{\"@id\":\"https:\/\/www.berlin.arbeitundleben.de\/eduklima\/#organization\"},\"potentialAction\":[{\"@type\":\"SearchAction\",\"target\":{\"@type\":\"EntryPoint\",\"urlTemplate\":\"https:\/\/www.berlin.arbeitundleben.de\/eduklima\/?s={search_term_string}\"},\"query-input\":{\"@type\":\"PropertyValueSpecification\",\"valueRequired\":true,\"valueName\":\"search_term_string\"}}],\"inLanguage\":\"de\"},{\"@type\":\"Organization\",\"@id\":\"https:\/\/www.berlin.arbeitundleben.de\/eduklima\/#organization\",\"name\":\"Eduklima\",\"url\":\"https:\/\/www.berlin.arbeitundleben.de\/eduklima\/\",\"logo\":{\"@type\":\"ImageObject\",\"inLanguage\":\"de\",\"@id\":\"https:\/\/www.berlin.arbeitundleben.de\/eduklima\/#\/schema\/logo\/image\/\",\"url\":\"https:\/\/www.berlin.arbeitundleben.de\/eduklima\/wp-content\/uploads\/2023\/11\/aul-logo.png\",\"contentUrl\":\"https:\/\/www.berlin.arbeitundleben.de\/eduklima\/wp-content\/uploads\/2023\/11\/aul-logo.png\",\"width\":378,\"height\":183,\"caption\":\"Eduklima\"},\"image\":{\"@id\":\"https:\/\/www.berlin.arbeitundleben.de\/eduklima\/#\/schema\/logo\/image\/\"}}]}<\/script>\n<!-- \/ Yoast SEO plugin. -->","yoast_head_json":{"title":"Digitale Lerntools - Eduklima","robots":{"index":"index","follow":"follow","max-snippet":"max-snippet:-1","max-image-preview":"max-image-preview:large","max-video-preview":"max-video-preview:-1"},"canonical":"https:\/\/www.berlin.arbeitundleben.de\/eduklima\/digitale-lerntools\/","og_locale":"de_DE","og_type":"article","og_title":"Digitale Lerntools - Eduklima","og_url":"https:\/\/www.berlin.arbeitundleben.de\/eduklima\/digitale-lerntools\/","og_site_name":"Eduklima","article_modified_time":"2026-01-13T14:36:40+00:00","twitter_card":"summary_large_image","twitter_misc":{"Gesch\u00e4tzte Lesezeit":"1\u00a0Minute"},"schema":{"@context":"https:\/\/schema.org","@graph":[{"@type":"WebPage","@id":"https:\/\/www.berlin.arbeitundleben.de\/eduklima\/digitale-lerntools\/","url":"https:\/\/www.berlin.arbeitundleben.de\/eduklima\/digitale-lerntools\/","name":"Digitale Lerntools - Eduklima","isPartOf":{"@id":"https:\/\/www.berlin.arbeitundleben.de\/eduklima\/#website"},"datePublished":"2025-11-07T12:43:50+00:00","dateModified":"2026-01-13T14:36:40+00:00","breadcrumb":{"@id":"https:\/\/www.berlin.arbeitundleben.de\/eduklima\/digitale-lerntools\/#breadcrumb"},"inLanguage":"de","potentialAction":[{"@type":"ReadAction","target":["https:\/\/www.berlin.arbeitundleben.de\/eduklima\/digitale-lerntools\/"]}]},{"@type":"BreadcrumbList","@id":"https:\/\/www.berlin.arbeitundleben.de\/eduklima\/digitale-lerntools\/#breadcrumb","itemListElement":[{"@type":"ListItem","position":1,"name":"Startseite","item":"https:\/\/www.berlin.arbeitundleben.de\/eduklima\/"},{"@type":"ListItem","position":2,"name":"Digitale Lerntools"}]},{"@type":"WebSite","@id":"https:\/\/www.berlin.arbeitundleben.de\/eduklima\/#website","url":"https:\/\/www.berlin.arbeitundleben.de\/eduklima\/","name":"Eduklima","description":"","publisher":{"@id":"https:\/\/www.berlin.arbeitundleben.de\/eduklima\/#organization"},"potentialAction":[{"@type":"SearchAction","target":{"@type":"EntryPoint","urlTemplate":"https:\/\/www.berlin.arbeitundleben.de\/eduklima\/?s={search_term_string}"},"query-input":{"@type":"PropertyValueSpecification","valueRequired":true,"valueName":"search_term_string"}}],"inLanguage":"de"},{"@type":"Organization","@id":"https:\/\/www.berlin.arbeitundleben.de\/eduklima\/#organization","name":"Eduklima","url":"https:\/\/www.berlin.arbeitundleben.de\/eduklima\/","logo":{"@type":"ImageObject","inLanguage":"de","@id":"https:\/\/www.berlin.arbeitundleben.de\/eduklima\/#\/schema\/logo\/image\/","url":"https:\/\/www.berlin.arbeitundleben.de\/eduklima\/wp-content\/uploads\/2023\/11\/aul-logo.png","contentUrl":"https:\/\/www.berlin.arbeitundleben.de\/eduklima\/wp-content\/uploads\/2023\/11\/aul-logo.png","width":378,"height":183,"caption":"Eduklima"},"image":{"@id":"https:\/\/www.berlin.arbeitundleben.de\/eduklima\/#\/schema\/logo\/image\/"}}]}},"_links":{"self":[{"href":"https:\/\/www.berlin.arbeitundleben.de\/eduklima\/wp-json\/wp\/v2\/pages\/1343","targetHints":{"allow":["GET"]}}],"collection":[{"href":"https:\/\/www.berlin.arbeitundleben.de\/eduklima\/wp-json\/wp\/v2\/pages"}],"about":[{"href":"https:\/\/www.berlin.arbeitundleben.de\/eduklima\/wp-json\/wp\/v2\/types\/page"}],"author":[{"embeddable":true,"href":"https:\/\/www.berlin.arbeitundleben.de\/eduklima\/wp-json\/wp\/v2\/users\/2"}],"replies":[{"embeddable":true,"href":"https:\/\/www.berlin.arbeitundleben.de\/eduklima\/wp-json\/wp\/v2\/comments?post=1343"}],"version-history":[{"count":30,"href":"https:\/\/www.berlin.arbeitundleben.de\/eduklima\/wp-json\/wp\/v2\/pages\/1343\/revisions"}],"predecessor-version":[{"id":1526,"href":"https:\/\/www.berlin.arbeitundleben.de\/eduklima\/wp-json\/wp\/v2\/pages\/1343\/revisions\/1526"}],"wp:attachment":[{"href":"https:\/\/www.berlin.arbeitundleben.de\/eduklima\/wp-json\/wp\/v2\/media?parent=1343"}],"curies":[{"name":"wp","href":"https:\/\/api.w.org\/{rel}","templated":true}]}}