{"id":1102,"date":"2024-07-25T19:54:52","date_gmt":"2024-07-25T17:54:52","guid":{"rendered":"https:\/\/www.berlin.arbeitundleben.de\/eduklima\/?page_id=1102"},"modified":"2024-07-25T20:21:30","modified_gmt":"2024-07-25T18:21:30","slug":"wo-gehts-zu-meiner-ausbildung","status":"publish","type":"page","link":"https:\/\/www.berlin.arbeitundleben.de\/eduklima\/wo-gehts-zu-meiner-ausbildung\/","title":{"rendered":"Wo geht`s zu meiner Ausbildung?"},"content":{"rendered":" <div class=\"block block--header \" id=\"block_0b12e59a364392329e6560a526a18c35\" data-id=\"\">\n\n\t<header class=\"header--small relative flex flex--middle\">\n\n     \n        <div class=\"one-whole\">\n            <div class=\"container relative\">\n                <h1>Sie wollen ausbilden? Wir unterst\u00fctzen Sie dabei.<\/h1>\n                            <\/div>\n        <\/div>\n\n    <\/header>\n\n<\/div>\n\n<div class=\"container spacing\"> \n\n    <ul class=\"margin-bottom\" id=\"breadcrumbs\"><li><a href=\"https:\/\/www.berlin.arbeitundleben.de\/eduklima\/\">Startseite<\/a><\/li><\/ul>\n<\/div>\n\n <div class=\"block block--intro  margin-bottom--big\" id=\"block_b1ae10b0b142f4e62b6c285d59a09f86\" data-id=\"\">\n\n\n\t<div class=\"container relative padding-top\">\n\n\t\t\t\t\t<svg xmlns=\"http:\/\/www.w3.org\/2000\/svg\" viewBox=\"0 0 549 401\" width=\"549\" height=\"401\"><path fill-rule=\"evenodd\"  fill=\"rgb(240, 240, 245)\" d=\"M549.001,164.345 C549.001,73.578 426.102,-0.001 274.503,-0.001 C122.904,-0.001 0.006,73.578 0.006,164.345 C0.006,250.677 111.218,321.411 252.533,328.119 L202.334,400.989 C419.239,321.890 484.365,272.033 499.064,258.806 C530.488,232.076 549.001,199.516 549.001,164.345 \"\/><\/svg>\n\t\t\n\t\t<div class=\"relative flex flexgrid--gutter flex--wrap\">\n\n\t\t\t<div class=\"flex__item three-fifths lg-one-whole\">\n\t\t\t\t<h2>Auszubildende finden mit eduKlima<br \/>\nBerufsorientierung zukunftsgerichtet denken.<\/h2>\n<p class=\"text--bigger\">Unternehmen profitieren von Betriebsbesichtigungen durch Sch\u00fcler*innen im Rahmen von \u201eeduKlima\u201c, da sie direkten Austausch mit Jugendlichen der 9. und 10. Klassen haben. Dies erm\u00f6glicht ihnen, ihre Ausbildungsm\u00f6glichkeiten vorzustellen und sich als attraktive Arbeitgeber zu pr\u00e4sentieren. Zudem erhalten Unternehmen wertvolle Kontakte zu Berufsorientierungsteams an Berliner Sekundarschulen. Sch\u00fcler*innen entdecken dabei Berufe der Klima- und Energiewende, probieren berufstypische T\u00e4tigkeiten aus und finden ihre St\u00e4rken sowie Interessen f\u00fcr m\u00f6gliche Karrierewege. So k\u00f6nnen Unternehmen qualifizierten Nachwuchs gewinnen, der f\u00fcr die Umsetzung der Klima- und Energiewende dringend ben\u00f6tigt wird.<\/p>\n<p class=\"text--bigger\"><strong>Treten Sie dazu gerne mit uns in Kontakt.<\/strong><\/p>\n            <\/div>\n            <div class=\"flex__item two-fifths lg-one-whole\">\n\n        \t\t<div class=\"aside__bg\">\n        \t\t\t<h4 class=\"\"><\/h4>\n\n\n        \t\t\t\n        \t\t\t\t\n        \t\t\t\t\t<div class=\"box contacts\">\n\n                                <div class=\"flex flex--middle\">\n                                \t\t                                    <div class=\"round\">\n\t                                        <img decoding=\"async\" src=\"https:\/\/www.berlin.arbeitundleben.de\/eduklima\/wp-content\/uploads\/2024\/04\/Personalfoto_AuLBB_Diana_extern-320x480-1.jpg\" alt=\"\">\n\t                                    <\/div>\n\t                                                                    <div class=\"one-whole\">\n                                        <h5>DIANA WOLTERSDORF<\/h5>\n<p>Projektleitung<\/p>\n<p><strong> <a href=\"tel:030513019260\"> 030 \/ 5130 192-60 <\/a> <\/strong><br \/>\n<strong> <a href=\"mailto:Woltersdorf@berlin.arbeitundleben.de\"> woltersdorf@berlin.arbeitundleben.de <\/a> <\/strong><\/p>\n                                    <\/div>\n                                <\/div>\n\n\t\t\t\t\t\t\t<\/div>\n\n        \t\t\t\t\n        \t\t\t\t\t<div class=\"box contacts\">\n\n                                <div class=\"flex flex--middle\">\n                                \t\t                                    <div class=\"round\">\n\t                                        <img decoding=\"async\" src=\"https:\/\/www.berlin.arbeitundleben.de\/eduklima\/wp-content\/uploads\/2024\/01\/Personalfotos_AuLBB_\u00a9LorelaiFotografie-Tuelay-320x480-1.jpg\" alt=\"\">\n\t                                    <\/div>\n\t                                                                    <div class=\"one-whole\">\n                                        <h5>T\u00fclay Usta<\/h5>\n<p>Projektreferentin<\/p>\n<p><strong><a href=\"tel:030513019237\">030 \/ 5130 192-37<\/a><br \/>\n<a href=\"mailto:usta@berlin.arbeitundleben.de\">usta@berlin.arbeitundleben.de<\/a> <\/strong><\/p>\n                                    <\/div>\n                                <\/div>\n\n\t\t\t\t\t\t\t<\/div>\n\n        \t\t\t\t\n        \t\t\t\t\t<div class=\"box contacts\">\n\n                                <div class=\"flex flex--middle\">\n                                \t\t                                    <div class=\"round\">\n\t                                        <img decoding=\"async\" src=\"https:\/\/www.berlin.arbeitundleben.de\/eduklima\/wp-content\/uploads\/2024\/01\/Personalfotos_AuLBB_3_\u00a9LorelaiFotografie-Christoph-320x480-1.jpg\" alt=\"\">\n\t                                    <\/div>\n\t                                                                    <div class=\"one-whole\">\n                                        <h5>Christoph Weise<\/h5>\n<p>Projektreferent<\/p>\n<p><strong><a href=\"tel:030513019235\">030 \/ 5130 192-35<\/a><br \/>\n<a href=\"mailto:weise@berlin.arbeitundleben.de\">weise@berlin.arbeitundleben.de<\/a><\/strong><\/p>\n                                    <\/div>\n                                <\/div>\n\n\t\t\t\t\t\t\t<\/div>\n\n        \t\t\t\t\n        \t\t\t\n        \t\t<\/div>\n\n        \t<\/div>\n\n        <\/div>\n\n    <\/div>\n\n<\/div>\n\n <div class=\"block block--info-grid bg--red relative  margin-bottom--big\" id=\"block_7fb491a9185e6b533d145822e45cf8ee\" data-id=\"\">\n\n\n\t<div class=\"container relative\">\n\t\t<h2 class=\"text--center\">Infoflyer f\u00fcr Unternehmen<\/h2>\n\n        <div class=\"flex flexgrid--narrow flex--wrap am_1\">\n\n                            \n                    <div class=\"flex__item\">\n                        <a href=\"https:\/\/www.berlin.arbeitundleben.de\/eduklima\/wp-content\/uploads\/2024\/07\/AuL_eduKlima_Unternehmen2024.pdf\" target=\"_blank\">\n                            <div class=\"object-fit\">\n                                \n                                    \n                                        <img decoding=\"async\" src=\"https:\/\/www.berlin.arbeitundleben.de\/eduklima\/wp-content\/uploads\/2024\/07\/Slider02b-800x333.jpg\"\n                                            srcset=\"https:\/\/www.berlin.arbeitundleben.de\/eduklima\/wp-content\/uploads\/2024\/07\/Slider02b-800x333.jpg 2x,\n                                                    https:\/\/www.berlin.arbeitundleben.de\/eduklima\/wp-content\/uploads\/2024\/07\/Slider02b-420x175.jpg 1x\" \n                                            alt=\"Auszubildende finden mit eduKlima\" loading=\"lazy\" \/>\n\n                                    \n                                                                                                <\/div>\n                            <div class=\"bottom\">\n                                Auszubildende finden mit eduKlima                            <\/div>\n                        <\/a>\n                    <\/div>\n\n                \n            \n\t\t<\/div>\n\n\t<\/div>\n\n<\/div>","protected":false},"excerpt":{"rendered":"","protected":false},"author":2,"featured_media":0,"parent":0,"menu_order":0,"comment_status":"closed","ping_status":"closed","template":"","meta":{"_acf_changed":false,"footnotes":""},"class_list":["post-1102","page","type-page","status-publish","hentry"],"acf":[],"yoast_head":"<!-- This site is optimized with the Yoast SEO plugin v26.1.1 - https:\/\/yoast.com\/wordpress\/plugins\/seo\/ -->\n<title>Wo geht`s zu meiner Ausbildung? - Eduklima<\/title>\n<meta name=\"robots\" content=\"index, follow, max-snippet:-1, max-image-preview:large, max-video-preview:-1\" \/>\n<link rel=\"canonical\" href=\"https:\/\/www.berlin.arbeitundleben.de\/eduklima\/wo-gehts-zu-meiner-ausbildung\/\" \/>\n<meta property=\"og:locale\" content=\"de_DE\" \/>\n<meta property=\"og:type\" content=\"article\" \/>\n<meta property=\"og:title\" content=\"Wo geht`s zu meiner Ausbildung? - Eduklima\" \/>\n<meta property=\"og:url\" content=\"https:\/\/www.berlin.arbeitundleben.de\/eduklima\/wo-gehts-zu-meiner-ausbildung\/\" \/>\n<meta property=\"og:site_name\" content=\"Eduklima\" \/>\n<meta property=\"article:modified_time\" content=\"2024-07-25T18:21:30+00:00\" \/>\n<meta name=\"twitter:card\" content=\"summary_large_image\" \/>\n<script type=\"application\/ld+json\" class=\"yoast-schema-graph\">{\"@context\":\"https:\/\/schema.org\",\"@graph\":[{\"@type\":\"WebPage\",\"@id\":\"https:\/\/www.berlin.arbeitundleben.de\/eduklima\/wo-gehts-zu-meiner-ausbildung\/\",\"url\":\"https:\/\/www.berlin.arbeitundleben.de\/eduklima\/wo-gehts-zu-meiner-ausbildung\/\",\"name\":\"Wo geht`s zu meiner Ausbildung? - Eduklima\",\"isPartOf\":{\"@id\":\"https:\/\/www.berlin.arbeitundleben.de\/eduklima\/#website\"},\"datePublished\":\"2024-07-25T17:54:52+00:00\",\"dateModified\":\"2024-07-25T18:21:30+00:00\",\"breadcrumb\":{\"@id\":\"https:\/\/www.berlin.arbeitundleben.de\/eduklima\/wo-gehts-zu-meiner-ausbildung\/#breadcrumb\"},\"inLanguage\":\"de\",\"potentialAction\":[{\"@type\":\"ReadAction\",\"target\":[\"https:\/\/www.berlin.arbeitundleben.de\/eduklima\/wo-gehts-zu-meiner-ausbildung\/\"]}]},{\"@type\":\"BreadcrumbList\",\"@id\":\"https:\/\/www.berlin.arbeitundleben.de\/eduklima\/wo-gehts-zu-meiner-ausbildung\/#breadcrumb\",\"itemListElement\":[{\"@type\":\"ListItem\",\"position\":1,\"name\":\"Startseite\",\"item\":\"https:\/\/www.berlin.arbeitundleben.de\/eduklima\/\"},{\"@type\":\"ListItem\",\"position\":2,\"name\":\"Wo geht`s zu meiner Ausbildung?\"}]},{\"@type\":\"WebSite\",\"@id\":\"https:\/\/www.berlin.arbeitundleben.de\/eduklima\/#website\",\"url\":\"https:\/\/www.berlin.arbeitundleben.de\/eduklima\/\",\"name\":\"Eduklima\",\"description\":\"\",\"publisher\":{\"@id\":\"https:\/\/www.berlin.arbeitundleben.de\/eduklima\/#organization\"},\"potentialAction\":[{\"@type\":\"SearchAction\",\"target\":{\"@type\":\"EntryPoint\",\"urlTemplate\":\"https:\/\/www.berlin.arbeitundleben.de\/eduklima\/?s={search_term_string}\"},\"query-input\":{\"@type\":\"PropertyValueSpecification\",\"valueRequired\":true,\"valueName\":\"search_term_string\"}}],\"inLanguage\":\"de\"},{\"@type\":\"Organization\",\"@id\":\"https:\/\/www.berlin.arbeitundleben.de\/eduklima\/#organization\",\"name\":\"Eduklima\",\"url\":\"https:\/\/www.berlin.arbeitundleben.de\/eduklima\/\",\"logo\":{\"@type\":\"ImageObject\",\"inLanguage\":\"de\",\"@id\":\"https:\/\/www.berlin.arbeitundleben.de\/eduklima\/#\/schema\/logo\/image\/\",\"url\":\"https:\/\/www.berlin.arbeitundleben.de\/eduklima\/wp-content\/uploads\/2023\/11\/aul-logo.png\",\"contentUrl\":\"https:\/\/www.berlin.arbeitundleben.de\/eduklima\/wp-content\/uploads\/2023\/11\/aul-logo.png\",\"width\":378,\"height\":183,\"caption\":\"Eduklima\"},\"image\":{\"@id\":\"https:\/\/www.berlin.arbeitundleben.de\/eduklima\/#\/schema\/logo\/image\/\"}}]}<\/script>\n<!-- \/ Yoast SEO plugin. -->","yoast_head_json":{"title":"Wo geht`s zu meiner Ausbildung? - Eduklima","robots":{"index":"index","follow":"follow","max-snippet":"max-snippet:-1","max-image-preview":"max-image-preview:large","max-video-preview":"max-video-preview:-1"},"canonical":"https:\/\/www.berlin.arbeitundleben.de\/eduklima\/wo-gehts-zu-meiner-ausbildung\/","og_locale":"de_DE","og_type":"article","og_title":"Wo geht`s zu meiner Ausbildung? - Eduklima","og_url":"https:\/\/www.berlin.arbeitundleben.de\/eduklima\/wo-gehts-zu-meiner-ausbildung\/","og_site_name":"Eduklima","article_modified_time":"2024-07-25T18:21:30+00:00","twitter_card":"summary_large_image","schema":{"@context":"https:\/\/schema.org","@graph":[{"@type":"WebPage","@id":"https:\/\/www.berlin.arbeitundleben.de\/eduklima\/wo-gehts-zu-meiner-ausbildung\/","url":"https:\/\/www.berlin.arbeitundleben.de\/eduklima\/wo-gehts-zu-meiner-ausbildung\/","name":"Wo geht`s zu meiner Ausbildung? - Eduklima","isPartOf":{"@id":"https:\/\/www.berlin.arbeitundleben.de\/eduklima\/#website"},"datePublished":"2024-07-25T17:54:52+00:00","dateModified":"2024-07-25T18:21:30+00:00","breadcrumb":{"@id":"https:\/\/www.berlin.arbeitundleben.de\/eduklima\/wo-gehts-zu-meiner-ausbildung\/#breadcrumb"},"inLanguage":"de","potentialAction":[{"@type":"ReadAction","target":["https:\/\/www.berlin.arbeitundleben.de\/eduklima\/wo-gehts-zu-meiner-ausbildung\/"]}]},{"@type":"BreadcrumbList","@id":"https:\/\/www.berlin.arbeitundleben.de\/eduklima\/wo-gehts-zu-meiner-ausbildung\/#breadcrumb","itemListElement":[{"@type":"ListItem","position":1,"name":"Startseite","item":"https:\/\/www.berlin.arbeitundleben.de\/eduklima\/"},{"@type":"ListItem","position":2,"name":"Wo geht`s zu meiner Ausbildung?"}]},{"@type":"WebSite","@id":"https:\/\/www.berlin.arbeitundleben.de\/eduklima\/#website","url":"https:\/\/www.berlin.arbeitundleben.de\/eduklima\/","name":"Eduklima","description":"","publisher":{"@id":"https:\/\/www.berlin.arbeitundleben.de\/eduklima\/#organization"},"potentialAction":[{"@type":"SearchAction","target":{"@type":"EntryPoint","urlTemplate":"https:\/\/www.berlin.arbeitundleben.de\/eduklima\/?s={search_term_string}"},"query-input":{"@type":"PropertyValueSpecification","valueRequired":true,"valueName":"search_term_string"}}],"inLanguage":"de"},{"@type":"Organization","@id":"https:\/\/www.berlin.arbeitundleben.de\/eduklima\/#organization","name":"Eduklima","url":"https:\/\/www.berlin.arbeitundleben.de\/eduklima\/","logo":{"@type":"ImageObject","inLanguage":"de","@id":"https:\/\/www.berlin.arbeitundleben.de\/eduklima\/#\/schema\/logo\/image\/","url":"https:\/\/www.berlin.arbeitundleben.de\/eduklima\/wp-content\/uploads\/2023\/11\/aul-logo.png","contentUrl":"https:\/\/www.berlin.arbeitundleben.de\/eduklima\/wp-content\/uploads\/2023\/11\/aul-logo.png","width":378,"height":183,"caption":"Eduklima"},"image":{"@id":"https:\/\/www.berlin.arbeitundleben.de\/eduklima\/#\/schema\/logo\/image\/"}}]}},"_links":{"self":[{"href":"https:\/\/www.berlin.arbeitundleben.de\/eduklima\/wp-json\/wp\/v2\/pages\/1102","targetHints":{"allow":["GET"]}}],"collection":[{"href":"https:\/\/www.berlin.arbeitundleben.de\/eduklima\/wp-json\/wp\/v2\/pages"}],"about":[{"href":"https:\/\/www.berlin.arbeitundleben.de\/eduklima\/wp-json\/wp\/v2\/types\/page"}],"author":[{"embeddable":true,"href":"https:\/\/www.berlin.arbeitundleben.de\/eduklima\/wp-json\/wp\/v2\/users\/2"}],"replies":[{"embeddable":true,"href":"https:\/\/www.berlin.arbeitundleben.de\/eduklima\/wp-json\/wp\/v2\/comments?post=1102"}],"version-history":[{"count":4,"href":"https:\/\/www.berlin.arbeitundleben.de\/eduklima\/wp-json\/wp\/v2\/pages\/1102\/revisions"}],"predecessor-version":[{"id":1127,"href":"https:\/\/www.berlin.arbeitundleben.de\/eduklima\/wp-json\/wp\/v2\/pages\/1102\/revisions\/1127"}],"wp:attachment":[{"href":"https:\/\/www.berlin.arbeitundleben.de\/eduklima\/wp-json\/wp\/v2\/media?parent=1102"}],"curies":[{"name":"wp","href":"https:\/\/api.w.org\/{rel}","templated":true}]}}