{"id":1070,"date":"2024-07-25T17:26:39","date_gmt":"2024-07-25T15:26:39","guid":{"rendered":"https:\/\/www.berlin.arbeitundleben.de\/eduklima\/?page_id=1070"},"modified":"2026-02-03T10:04:22","modified_gmt":"2026-02-03T09:04:22","slug":"berufsorientierung-2-0","status":"publish","type":"page","link":"https:\/\/www.berlin.arbeitundleben.de\/eduklima\/berufsorientierung-2-0\/","title":{"rendered":"Berufsorientierung 2.0:"},"content":{"rendered":" <div class=\"block block--header \" id=\"block_265f91f39a7153e3f926e5d7bb9bb16a\" data-id=\"\">\n\n\t<header class=\"header--small relative flex flex--middle\">\n\n     \n\t\t\t<img decoding=\"async\" src=\"https:\/\/www.berlin.arbeitundleben.de\/eduklima\/wp-content\/uploads\/2023\/12\/header_allgemein_blau-1600x289.jpg\"\n\t\t\t\tsrcset=\"https:\/\/www.berlin.arbeitundleben.de\/eduklima\/wp-content\/uploads\/2023\/12\/header_allgemein_blau.jpg 2400w,\n\t\t\t\t\t\thttps:\/\/www.berlin.arbeitundleben.de\/eduklima\/wp-content\/uploads\/2023\/12\/header_allgemein_blau.jpg 1920w,\n\t\t\t\t\t\thttps:\/\/www.berlin.arbeitundleben.de\/eduklima\/wp-content\/uploads\/2023\/12\/header_allgemein_blau-1600x289.jpg 1600w,\n\t\t\t\t\t\thttps:\/\/www.berlin.arbeitundleben.de\/eduklima\/wp-content\/uploads\/2023\/12\/header_allgemein_blau-1400x253.jpg 1400w,\n\t\t\t\t\t\thttps:\/\/www.berlin.arbeitundleben.de\/eduklima\/wp-content\/uploads\/2023\/12\/header_allgemein_blau-1200x217.jpg 1200w,\n\t\t\t\t\t\thttps:\/\/www.berlin.arbeitundleben.de\/eduklima\/wp-content\/uploads\/2023\/12\/header_allgemein_blau-1024x185.jpg 1024w,\n\t\t\t\t\t\thttps:\/\/www.berlin.arbeitundleben.de\/eduklima\/wp-content\/uploads\/2023\/12\/header_allgemein_blau-800x145.jpg 800w\" \n\t\t\t\tsizes=\"auto, 100vw\" loading=\"lazy\"\n\t\t\t\twidth=\"1903\" height=\"344\"\n\t\t\t\talt=\"\">\n\n\t\t\n        <div class=\"one-whole\">\n            <div class=\"container relative\">\n                <h1>Ein Navigator fu\u0308r die Karriere der Zukunft.<\/h1>\n                            <\/div>\n        <\/div>\n\n    <\/header>\n\n<\/div>\n\n<div class=\"container spacing\"> \n\n    <ul class=\"margin-bottom\" id=\"breadcrumbs\"><li><a href=\"https:\/\/www.berlin.arbeitundleben.de\/eduklima\/\">Startseite<\/a><\/li><\/ul>\n<\/div>\n\n <div class=\"block block--intro  margin-bottom--big\" id=\"block_ac6447ff43cbfadf7307b11ce295b055\" data-id=\"\">\n\n\n\t<div class=\"container relative padding-top\">\n\n\t\t\t\t\t<svg xmlns=\"http:\/\/www.w3.org\/2000\/svg\" viewBox=\"0 0 549 401\" width=\"549\" height=\"401\"><path fill-rule=\"evenodd\"  fill=\"rgb(240, 240, 245)\" d=\"M549.001,164.345 C549.001,73.578 426.102,-0.001 274.503,-0.001 C122.904,-0.001 0.006,73.578 0.006,164.345 C0.006,250.677 111.218,321.411 252.533,328.119 L202.334,400.989 C419.239,321.890 484.365,272.033 499.064,258.806 C530.488,232.076 549.001,199.516 549.001,164.345 \"\/><\/svg>\n\t\t\n\t\t<div class=\"relative flex flexgrid--gutter flex--wrap\">\n\n\t\t\t<div class=\"flex__item three-fifths lg-one-whole\">\n\t\t\t\t<p class=\"text--bigger\">\n<h2>Infobroschu\u0308re fu\u0308r Schu\u0308ler*innen, Lehrpersonal und Erziehungsberechtigte<\/h2>\n<\/p>\n<p class=\"text--bigger\">Berufsorientierung ist entscheidend f\u00fcr die Entwicklung von Jugendlichen, da sie hilft, pers\u00f6nliche St\u00e4rken und Schw\u00e4chen zu erkennen und eine gezielte berufliche Laufbahn zu planen. Initiativen wie eduKlima und andere Berufsorientierungsprogramme in Schulen und au\u00dferhalb des formalen Bildungsbereichs bieten wichtige Einblicke in verschiedene Berufsfelder. Praktika, Informationsveranstaltungen und Messen erm\u00f6glichen es den Jugendlichen, ihre beruflichen Interessen zu erkunden und konkrete Ausbildungsperspektiven zu gewinnen.<\/p>\n<p class=\"text--bigger\">Eltern spielen eine ebenso wichtige Rolle in diesem Prozess. Sie k\u00f6nnen ihre Kinder durch Gespr\u00e4che \u00fcber Interessen und St\u00e4rken unterst\u00fctzen und gemeinsam Informationsveranstaltungen besuchen, um die beruflichen Ambitionen ihrer Kinder zu f\u00f6rdern. Das Elternhaus vermittelt zudem, was es bedeutet, f\u00fcr seinen Lebensunterhalt aufzukommen, und zeigt berufliche Herausforderungen und Chancen auf.<\/p>\n<p class=\"text--bigger\">Zus\u00e4tzlich bieten zahlreiche Online-Plattformen Unterst\u00fctzung bei der Berufswahl, indem sie Tests und Informationsquellen bereitstellen, um Ausbildungs- oder Studienm\u00f6glichkeiten zu finden. Diese Plattformen helfen Jugendlichen, ihre Kompetenzen zu identifizieren und gezielt nach passenden Ausbildungspl\u00e4tzen oder Studieng\u00e4ngen zu suchen. Insgesamt ist die kombinierte Unterst\u00fctzung von Schule, Eltern und digitalen Ressourcen essenziell f\u00fcr eine erfolgreiche berufliche Orientierung.<\/p>\n<p class=\"text--bigger\">Daher haben wir f\u00fcr Lehrkr\u00e4fte und Eltern eine Brosch\u00fcre mit den wichtigsten Informationen rund um das Thema Ausbildungs- und Studiensuche erstellt. Dort finden sich praktische Hinweise, Tipps und Websites, welche Lehrkr\u00e4fte, Eltern und letztlich auch Sch\u00fcler*innen dabei unsterst\u00fctzen sollen, passende Ausbildungsberufe zu finden und geeignete Bewerbungen zu schreiben.<\/p>\n            <\/div>\n            <div class=\"flex__item two-fifths lg-one-whole\">\n\n        \t\t<div class=\"aside__bg\">\n        \t\t\t<h4 class=\"\"><\/h4>\n\n\n        \t\t\t\n        \t\t\t\t\n        \t\t\t\t\t<div class=\"box contacts\">\n\n                                <div class=\"flex flex--middle\">\n                                \t\t                                    <div class=\"round\">\n\t                                        <img decoding=\"async\" src=\"https:\/\/www.berlin.arbeitundleben.de\/eduklima\/wp-content\/uploads\/2024\/04\/Personalfoto_AuLBB_Diana_extern-320x480-1.jpg\" alt=\"\">\n\t                                    <\/div>\n\t                                                                    <div class=\"one-whole\">\n                                        <h5>DIANA WOLTERSDORF<\/h5>\n<p>Projektleitung<\/p>\n<p><strong> <a href=\"tel:030513019260\"> 030 \/ 5130 192-60 <\/a> <\/strong><br \/>\n<strong> <a href=\"mailto:Woltersdorf@berlin.arbeitundleben.de\"> woltersdorf@berlin.arbeitundleben.de <\/a> <\/strong><\/p>\n                                    <\/div>\n                                <\/div>\n\n\t\t\t\t\t\t\t<\/div>\n\n        \t\t\t\t\n        \t\t\t\t\t<div class=\"box contacts\">\n\n                                <div class=\"flex flex--middle\">\n                                \t\t                                    <div class=\"round\">\n\t                                        <img decoding=\"async\" src=\"https:\/\/www.berlin.arbeitundleben.de\/eduklima\/wp-content\/uploads\/2024\/01\/Personalfotos_AuLBB_\u00a9LorelaiFotografie-Tuelay-320x480-1.jpg\" alt=\"\">\n\t                                    <\/div>\n\t                                                                    <div class=\"one-whole\">\n                                        <h5>T\u00fclay Usta<\/h5>\n<p>Projektreferentin<\/p>\n<p><strong><a href=\"tel:030513019237\">030 \/ 5130 192-37<\/a><br \/>\n<a href=\"mailto:usta@berlin.arbeitundleben.de\">usta@berlin.arbeitundleben.de<\/a> <\/strong><\/p>\n                                    <\/div>\n                                <\/div>\n\n\t\t\t\t\t\t\t<\/div>\n\n        \t\t\t\t\n        \t\t\t\t\t<div class=\"box contacts\">\n\n                                <div class=\"flex flex--middle\">\n                                \t\t                                    <div class=\"round\">\n\t                                        <img decoding=\"async\" src=\"https:\/\/www.berlin.arbeitundleben.de\/eduklima\/wp-content\/uploads\/2024\/01\/Personalfotos_AuLBB_3_\u00a9LorelaiFotografie-Christoph-320x480-1.jpg\" alt=\"\">\n\t                                    <\/div>\n\t                                                                    <div class=\"one-whole\">\n                                        <h5>Christoph Weise<\/h5>\n<p>Projektreferent<\/p>\n<p><strong><a href=\"tel:030513019235\">030 \/ 5130 192-35<\/a><br \/>\n<a href=\"mailto:weise@berlin.arbeitundleben.de\">weise@berlin.arbeitundleben.de<\/a><\/strong><\/p>\n                                    <\/div>\n                                <\/div>\n\n\t\t\t\t\t\t\t<\/div>\n\n        \t\t\t\t\n        \t\t\t\n        \t\t<\/div>\n\n        \t<\/div>\n\n        <\/div>\n\n    <\/div>\n\n<\/div>\n\n <div class=\"block block--info-grid bg--red relative  margin-bottom\" id=\"block_06b182f4430e25bead6d98e5f091507b\" data-id=\"\">\n\n\n\t<div class=\"container relative\">\n\t\t<h2 class=\"text--center\">Hier kann die Brosch\u00fcre heruntergeladen werden (Stand: 25.04.2025):<\/h2>\n\n        <div class=\"flex flexgrid--narrow flex--wrap am_1\">\n\n                            \n                    <div class=\"flex__item\">\n                        <a href=\"https:\/\/www.berlin.arbeitundleben.de\/eduklima\/wp-content\/uploads\/2026\/02\/AuL_eduKlima-Broschuere_2025.pdf\" target=\"_blank\">\n                            <div class=\"object-fit\">\n                                \n                                    \n                                        <img decoding=\"async\" src=\"https:\/\/www.berlin.arbeitundleben.de\/eduklima\/wp-content\/uploads\/2024\/10\/HandreichungVorschau-800x800.jpg\"\n                                            srcset=\"https:\/\/www.berlin.arbeitundleben.de\/eduklima\/wp-content\/uploads\/2024\/10\/HandreichungVorschau-800x800.jpg 2x,\n                                                    https:\/\/www.berlin.arbeitundleben.de\/eduklima\/wp-content\/uploads\/2024\/10\/HandreichungVorschau-420x420.jpg 1x\" \n                                            alt=\"Download: Berufsorientierung 2.0 - eduKlima\" loading=\"lazy\" \/>\n\n                                    \n                                                                                                <\/div>\n                            <div class=\"bottom\">\n                                Download: Berufsorientierung 2.0 &#8211; eduKlima                            <\/div>\n                        <\/a>\n                    <\/div>\n\n                \n            \n\t\t<\/div>\n\n\t<\/div>\n\n<\/div>","protected":false},"excerpt":{"rendered":"","protected":false},"author":2,"featured_media":0,"parent":0,"menu_order":0,"comment_status":"closed","ping_status":"closed","template":"","meta":{"_acf_changed":false,"footnotes":""},"class_list":["post-1070","page","type-page","status-publish","hentry"],"acf":[],"yoast_head":"<!-- This site is optimized with the Yoast SEO plugin v26.1.1 - https:\/\/yoast.com\/wordpress\/plugins\/seo\/ -->\n<title>Berufsorientierung 2.0: - Eduklima<\/title>\n<meta name=\"robots\" content=\"index, follow, max-snippet:-1, max-image-preview:large, max-video-preview:-1\" \/>\n<link rel=\"canonical\" href=\"https:\/\/www.berlin.arbeitundleben.de\/eduklima\/berufsorientierung-2-0\/\" \/>\n<meta property=\"og:locale\" content=\"de_DE\" \/>\n<meta property=\"og:type\" content=\"article\" \/>\n<meta property=\"og:title\" content=\"Berufsorientierung 2.0: - Eduklima\" \/>\n<meta property=\"og:url\" content=\"https:\/\/www.berlin.arbeitundleben.de\/eduklima\/berufsorientierung-2-0\/\" \/>\n<meta property=\"og:site_name\" content=\"Eduklima\" \/>\n<meta property=\"article:modified_time\" content=\"2026-02-03T09:04:22+00:00\" \/>\n<meta name=\"twitter:card\" content=\"summary_large_image\" \/>\n<script type=\"application\/ld+json\" class=\"yoast-schema-graph\">{\"@context\":\"https:\/\/schema.org\",\"@graph\":[{\"@type\":\"WebPage\",\"@id\":\"https:\/\/www.berlin.arbeitundleben.de\/eduklima\/berufsorientierung-2-0\/\",\"url\":\"https:\/\/www.berlin.arbeitundleben.de\/eduklima\/berufsorientierung-2-0\/\",\"name\":\"Berufsorientierung 2.0: - Eduklima\",\"isPartOf\":{\"@id\":\"https:\/\/www.berlin.arbeitundleben.de\/eduklima\/#website\"},\"datePublished\":\"2024-07-25T15:26:39+00:00\",\"dateModified\":\"2026-02-03T09:04:22+00:00\",\"breadcrumb\":{\"@id\":\"https:\/\/www.berlin.arbeitundleben.de\/eduklima\/berufsorientierung-2-0\/#breadcrumb\"},\"inLanguage\":\"de\",\"potentialAction\":[{\"@type\":\"ReadAction\",\"target\":[\"https:\/\/www.berlin.arbeitundleben.de\/eduklima\/berufsorientierung-2-0\/\"]}]},{\"@type\":\"BreadcrumbList\",\"@id\":\"https:\/\/www.berlin.arbeitundleben.de\/eduklima\/berufsorientierung-2-0\/#breadcrumb\",\"itemListElement\":[{\"@type\":\"ListItem\",\"position\":1,\"name\":\"Startseite\",\"item\":\"https:\/\/www.berlin.arbeitundleben.de\/eduklima\/\"},{\"@type\":\"ListItem\",\"position\":2,\"name\":\"Berufsorientierung 2.0:\"}]},{\"@type\":\"WebSite\",\"@id\":\"https:\/\/www.berlin.arbeitundleben.de\/eduklima\/#website\",\"url\":\"https:\/\/www.berlin.arbeitundleben.de\/eduklima\/\",\"name\":\"Eduklima\",\"description\":\"\",\"publisher\":{\"@id\":\"https:\/\/www.berlin.arbeitundleben.de\/eduklima\/#organization\"},\"potentialAction\":[{\"@type\":\"SearchAction\",\"target\":{\"@type\":\"EntryPoint\",\"urlTemplate\":\"https:\/\/www.berlin.arbeitundleben.de\/eduklima\/?s={search_term_string}\"},\"query-input\":{\"@type\":\"PropertyValueSpecification\",\"valueRequired\":true,\"valueName\":\"search_term_string\"}}],\"inLanguage\":\"de\"},{\"@type\":\"Organization\",\"@id\":\"https:\/\/www.berlin.arbeitundleben.de\/eduklima\/#organization\",\"name\":\"Eduklima\",\"url\":\"https:\/\/www.berlin.arbeitundleben.de\/eduklima\/\",\"logo\":{\"@type\":\"ImageObject\",\"inLanguage\":\"de\",\"@id\":\"https:\/\/www.berlin.arbeitundleben.de\/eduklima\/#\/schema\/logo\/image\/\",\"url\":\"https:\/\/www.berlin.arbeitundleben.de\/eduklima\/wp-content\/uploads\/2023\/11\/aul-logo.png\",\"contentUrl\":\"https:\/\/www.berlin.arbeitundleben.de\/eduklima\/wp-content\/uploads\/2023\/11\/aul-logo.png\",\"width\":378,\"height\":183,\"caption\":\"Eduklima\"},\"image\":{\"@id\":\"https:\/\/www.berlin.arbeitundleben.de\/eduklima\/#\/schema\/logo\/image\/\"}}]}<\/script>\n<!-- \/ Yoast SEO plugin. -->","yoast_head_json":{"title":"Berufsorientierung 2.0: - Eduklima","robots":{"index":"index","follow":"follow","max-snippet":"max-snippet:-1","max-image-preview":"max-image-preview:large","max-video-preview":"max-video-preview:-1"},"canonical":"https:\/\/www.berlin.arbeitundleben.de\/eduklima\/berufsorientierung-2-0\/","og_locale":"de_DE","og_type":"article","og_title":"Berufsorientierung 2.0: - Eduklima","og_url":"https:\/\/www.berlin.arbeitundleben.de\/eduklima\/berufsorientierung-2-0\/","og_site_name":"Eduklima","article_modified_time":"2026-02-03T09:04:22+00:00","twitter_card":"summary_large_image","schema":{"@context":"https:\/\/schema.org","@graph":[{"@type":"WebPage","@id":"https:\/\/www.berlin.arbeitundleben.de\/eduklima\/berufsorientierung-2-0\/","url":"https:\/\/www.berlin.arbeitundleben.de\/eduklima\/berufsorientierung-2-0\/","name":"Berufsorientierung 2.0: - Eduklima","isPartOf":{"@id":"https:\/\/www.berlin.arbeitundleben.de\/eduklima\/#website"},"datePublished":"2024-07-25T15:26:39+00:00","dateModified":"2026-02-03T09:04:22+00:00","breadcrumb":{"@id":"https:\/\/www.berlin.arbeitundleben.de\/eduklima\/berufsorientierung-2-0\/#breadcrumb"},"inLanguage":"de","potentialAction":[{"@type":"ReadAction","target":["https:\/\/www.berlin.arbeitundleben.de\/eduklima\/berufsorientierung-2-0\/"]}]},{"@type":"BreadcrumbList","@id":"https:\/\/www.berlin.arbeitundleben.de\/eduklima\/berufsorientierung-2-0\/#breadcrumb","itemListElement":[{"@type":"ListItem","position":1,"name":"Startseite","item":"https:\/\/www.berlin.arbeitundleben.de\/eduklima\/"},{"@type":"ListItem","position":2,"name":"Berufsorientierung 2.0:"}]},{"@type":"WebSite","@id":"https:\/\/www.berlin.arbeitundleben.de\/eduklima\/#website","url":"https:\/\/www.berlin.arbeitundleben.de\/eduklima\/","name":"Eduklima","description":"","publisher":{"@id":"https:\/\/www.berlin.arbeitundleben.de\/eduklima\/#organization"},"potentialAction":[{"@type":"SearchAction","target":{"@type":"EntryPoint","urlTemplate":"https:\/\/www.berlin.arbeitundleben.de\/eduklima\/?s={search_term_string}"},"query-input":{"@type":"PropertyValueSpecification","valueRequired":true,"valueName":"search_term_string"}}],"inLanguage":"de"},{"@type":"Organization","@id":"https:\/\/www.berlin.arbeitundleben.de\/eduklima\/#organization","name":"Eduklima","url":"https:\/\/www.berlin.arbeitundleben.de\/eduklima\/","logo":{"@type":"ImageObject","inLanguage":"de","@id":"https:\/\/www.berlin.arbeitundleben.de\/eduklima\/#\/schema\/logo\/image\/","url":"https:\/\/www.berlin.arbeitundleben.de\/eduklima\/wp-content\/uploads\/2023\/11\/aul-logo.png","contentUrl":"https:\/\/www.berlin.arbeitundleben.de\/eduklima\/wp-content\/uploads\/2023\/11\/aul-logo.png","width":378,"height":183,"caption":"Eduklima"},"image":{"@id":"https:\/\/www.berlin.arbeitundleben.de\/eduklima\/#\/schema\/logo\/image\/"}}]}},"_links":{"self":[{"href":"https:\/\/www.berlin.arbeitundleben.de\/eduklima\/wp-json\/wp\/v2\/pages\/1070","targetHints":{"allow":["GET"]}}],"collection":[{"href":"https:\/\/www.berlin.arbeitundleben.de\/eduklima\/wp-json\/wp\/v2\/pages"}],"about":[{"href":"https:\/\/www.berlin.arbeitundleben.de\/eduklima\/wp-json\/wp\/v2\/types\/page"}],"author":[{"embeddable":true,"href":"https:\/\/www.berlin.arbeitundleben.de\/eduklima\/wp-json\/wp\/v2\/users\/2"}],"replies":[{"embeddable":true,"href":"https:\/\/www.berlin.arbeitundleben.de\/eduklima\/wp-json\/wp\/v2\/comments?post=1070"}],"version-history":[{"count":12,"href":"https:\/\/www.berlin.arbeitundleben.de\/eduklima\/wp-json\/wp\/v2\/pages\/1070\/revisions"}],"predecessor-version":[{"id":1532,"href":"https:\/\/www.berlin.arbeitundleben.de\/eduklima\/wp-json\/wp\/v2\/pages\/1070\/revisions\/1532"}],"wp:attachment":[{"href":"https:\/\/www.berlin.arbeitundleben.de\/eduklima\/wp-json\/wp\/v2\/media?parent=1070"}],"curies":[{"name":"wp","href":"https:\/\/api.w.org\/{rel}","templated":true}]}}